{"id":802,"date":"2021-09-01T16:17:43","date_gmt":"2021-09-01T14:17:43","guid":{"rendered":"http:\/\/www.xbb.se\/?page_id=802"},"modified":"2022-11-25T17:09:31","modified_gmt":"2022-11-25T15:09:31","slug":"xbb-smart-button","status":"publish","type":"page","link":"https:\/\/www.xbb.se\/sv_se\/xbb-smart-button\/","title":{"rendered":"XBB Smart Button"},"content":{"rendered":"\n<figure class=\"wp-block-image size-large is-resized\"><img loading=\"lazy\" decoding=\"async\" src=\"http:\/\/www.xbb.se\/wp-content\/uploads\/2021\/03\/Website-Header-Accessories-1024x278.png\" alt=\"\" class=\"wp-image-697\" width=\"830\" height=\"224\" srcset=\"https:\/\/www.xbb.se\/wp-content\/uploads\/2021\/03\/Website-Header-Accessories-1024x278.png 1024w, https:\/\/www.xbb.se\/wp-content\/uploads\/2021\/03\/Website-Header-Accessories-300x81.png 300w, https:\/\/www.xbb.se\/wp-content\/uploads\/2021\/03\/Website-Header-Accessories-768x208.png 768w, https:\/\/www.xbb.se\/wp-content\/uploads\/2021\/03\/Website-Header-Accessories-1536x417.png 1536w, https:\/\/www.xbb.se\/wp-content\/uploads\/2021\/03\/Website-Header-Accessories-2048x556.png 2048w, https:\/\/www.xbb.se\/wp-content\/uploads\/2021\/03\/Website-Header-Accessories-16x4.png 16w\" sizes=\"auto, (max-width: 830px) 100vw, 830px\" \/><\/figure>\n\n\n\n<p>Styr din belysning eller inkopplade utrustning med hj\u00e4lp en tr\u00e5dl\u00f6s tryckknapp.  Kommunicerar med din XBB Dongle via Bluetooth s\u00e5 du slipper klippa i kablar f\u00f6r att koppla in en traditionellt tr\u00e5dbunden str\u00f6mbrytare. <\/p>\n\n\n\n<p>Knappen kan programmeras f\u00f6r att aktivera eller deaktivera utg\u00e5ng 1 &amp; 2 p\u00e5 dina PowerUnits. Du har d\u00e4rmed flera funktioner i samma knapp!<\/p>\n\n\n\n<p>Nedan f\u00f6ljer n\u00e5gra exepel p\u00e5 hur man skulle kunna anv\u00e4nda knappen<\/p>\n\n\n\n<ul class=\"wp-block-list\"><li>St\u00e4nga av dina extraljus eller LED-ramp fast helljuset \u00e4r aktiverat vid t.ex. sn\u00f6fall.<\/li><li>T\u00e4nda backljus\/arbetsbelysning utan att l\u00e4gga i backen eller vara i fordonet.<\/li><li>St\u00e4nga av Halofunktionen\/DRL i dina extraljus\/LED-ramp.<\/li><li>Knappen kan anv\u00e4ndas utan att ladda in ett recept i XBB Dongle. <br>D\u00e4rmed kan du anv\u00e4nda XBB Dongle &amp; XBB PowerUnit utan att din bilmodell \u00e4r representerad i receptdatabasen!<\/li><\/ul>\n\n\n\n<hr class=\"wp-block-separator has-css-opacity\"\/>\n\n\n\n<p class=\"has-text-align-center\"><strong>Snabbguide<\/strong><\/p>\n\n\n\n<p>Installera XBB Smart Button via appen XBB Configurator<\/p>\n\n\n\n<ul class=\"wp-block-list\"><li>Starta appen XBB Configurator (Finns p\u00e5 <a href=\"https:\/\/play.google.com\/store\/apps\/details?id=se.innoware.innowareobd2&amp;hl=sv&amp;gl=US\">Google Play<\/a>&nbsp;eller&nbsp;<a href=\"https:\/\/apps.apple.com\/se\/app\/xbb-configurator\/id1562022554\">App Store<\/a>.)<\/li><li>Anslut till XBB Dongle med din telefon<\/li><li>V\u00e4lj PowerUnit-fliken, klicka sedan p\u00e5 <sub><img loading=\"lazy\" decoding=\"async\" width=\"24\" height=\"24\" class=\"wp-image-833\" style=\"width: 24px;\" src=\"http:\/\/www.xbb.se\/wp-content\/uploads\/2021\/09\/outline_add_black_24dp.png\" alt=\"\" srcset=\"https:\/\/www.xbb.se\/wp-content\/uploads\/2021\/09\/outline_add_black_24dp.png 24w, https:\/\/www.xbb.se\/wp-content\/uploads\/2021\/09\/outline_add_black_24dp-12x12.png 12w\" sizes=\"auto, (max-width: 24px) 100vw, 24px\" \/><\/sub>f\u00f6r att l\u00e4gg till en enhet.<\/li><li>Klicka p\u00e5 L\u00e4gg till XBB Knapp, XBB Dongle b\u00f6rjar s\u00f6ka efter knappen<\/li><li>Tryck 1 g\u00e5ng p\u00e5 din XBB Smart Button, klicka p\u00e5 OK n\u00e4r knappen hittas<\/li><li>Klicka p\u00e5 inst\u00e4llningar <sub><img loading=\"lazy\" decoding=\"async\" width=\"20\" height=\"20\" class=\"wp-image-830\" style=\"width: 20px;\" src=\"http:\/\/www.xbb.se\/wp-content\/uploads\/2021\/09\/outline_settings_black_24dp-1.png\" alt=\"\" srcset=\"https:\/\/www.xbb.se\/wp-content\/uploads\/2021\/09\/outline_settings_black_24dp-1.png 48w, https:\/\/www.xbb.se\/wp-content\/uploads\/2021\/09\/outline_settings_black_24dp-1-12x12.png 12w\" sizes=\"auto, (max-width: 20px) 100vw, 20px\" \/><\/sub> p\u00e5 PowerUnit<\/li><li>V\u00e4lj vad som ska ske vid 1 respektive 2 tryck och spar dina inst\u00e4llningar.<\/li><li>G\u00f6r ett funktionstest. Lycka till!<\/li><\/ul>\n\n\n\n<p class=\"has-text-align-center\"><strong>Bra att veta<\/strong><\/p>\n\n\n\n<ul class=\"wp-block-list\"><li><strong>OBS!<\/strong> Anv\u00e4nd endast v\u00e5r app XBB Configurator f\u00f6r att ansluta till knappen. <\/li><li>Du kan bara ansluta 1 st knapp till systemet.<\/li><li>Om du anv\u00e4nder 1 st XBB Smart Button kan du ansluta max 2 st XBB PowerUnit&#8217;s till systemet.<\/li><li>H\u00e5ller du in knappen i 2 sekunder avbryter du eventuella knapptryckningar om du \u00e4r os\u00e4ker p\u00e5 om en funktion \u00e4r aktiverad eller inte.<\/li><li>F\u00f6r att byta batteri s\u00e4tt fast knappen p\u00e5 en yta och skruva sedan knappen \u00e5t v\u00e4nster. Batteriet \u00e4r av CR2032 typ.<\/li><li>Den \u00e4r INTE vattent\u00e4t.<\/li><\/ul>\n\n\n\n<hr class=\"wp-block-separator has-css-opacity\"\/>\n\n\n\n<figure class=\"wp-block-embed aligncenter is-type-rich is-provider-instagram wp-block-embed-instagram\"><div class=\"wp-block-embed__wrapper\">\n<blockquote class=\"instagram-media\" data-instgrm-captioned data-instgrm-permalink=\"https:\/\/www.instagram.com\/p\/CK3ur4wHsdd\/?utm_source=ig_embed&amp;utm_campaign=loading\" data-instgrm-version=\"14\" style=\" background:#FFF; border:0; border-radius:3px; box-shadow:0 0 1px 0 rgba(0,0,0,0.5),0 1px 10px 0 rgba(0,0,0,0.15); margin: 1px; max-width:658px; min-width:326px; padding:0; width:99.375%; width:-webkit-calc(100% - 2px); width:calc(100% - 2px);\"><div style=\"padding:16px;\"> <a href=\"https:\/\/www.instagram.com\/p\/CK3ur4wHsdd\/?utm_source=ig_embed&amp;utm_campaign=loading\" style=\" background:#FFFFFF; line-height:0; padding:0 0; text-align:center; text-decoration:none; width:100%;\" target=\"_blank\"> <div style=\" display: flex; flex-direction: row; align-items: center;\"> <div style=\"background-color: #F4F4F4; border-radius: 50%; flex-grow: 0; height: 40px; margin-right: 14px; width: 40px;\"><\/div> <div style=\"display: flex; flex-direction: column; flex-grow: 1; justify-content: center;\"> <div style=\" background-color: #F4F4F4; border-radius: 4px; flex-grow: 0; height: 14px; margin-bottom: 6px; width: 100px;\"><\/div> <div style=\" background-color: #F4F4F4; border-radius: 4px; flex-grow: 0; height: 14px; width: 60px;\"><\/div><\/div><\/div><div style=\"padding: 19% 0;\"><\/div> <div style=\"display:block; height:50px; margin:0 auto 12px; width:50px;\"><svg width=\"50px\" height=\"50px\" viewBox=\"0 0 60 60\" version=\"1.1\" xmlns=\"https:\/\/www.w3.org\/2000\/svg\" xmlns:xlink=\"https:\/\/www.w3.org\/1999\/xlink\"><g stroke=\"none\" stroke-width=\"1\" fill=\"none\" fill-rule=\"evenodd\"><g transform=\"translate(-511.000000, -20.000000)\" fill=\"#000000\"><g><path d=\"M556.869,30.41 C554.814,30.41 553.148,32.076 553.148,34.131 C553.148,36.186 554.814,37.852 556.869,37.852 C558.924,37.852 560.59,36.186 560.59,34.131 C560.59,32.076 558.924,30.41 556.869,30.41 M541,60.657 C535.114,60.657 530.342,55.887 530.342,50 C530.342,44.114 535.114,39.342 541,39.342 C546.887,39.342 551.658,44.114 551.658,50 C551.658,55.887 546.887,60.657 541,60.657 M541,33.886 C532.1,33.886 524.886,41.1 524.886,50 C524.886,58.899 532.1,66.113 541,66.113 C549.9,66.113 557.115,58.899 557.115,50 C557.115,41.1 549.9,33.886 541,33.886 M565.378,62.101 C565.244,65.022 564.756,66.606 564.346,67.663 C563.803,69.06 563.154,70.057 562.106,71.106 C561.058,72.155 560.06,72.803 558.662,73.347 C557.607,73.757 556.021,74.244 553.102,74.378 C549.944,74.521 548.997,74.552 541,74.552 C533.003,74.552 532.056,74.521 528.898,74.378 C525.979,74.244 524.393,73.757 523.338,73.347 C521.94,72.803 520.942,72.155 519.894,71.106 C518.846,70.057 518.197,69.06 517.654,67.663 C517.244,66.606 516.755,65.022 516.623,62.101 C516.479,58.943 516.448,57.996 516.448,50 C516.448,42.003 516.479,41.056 516.623,37.899 C516.755,34.978 517.244,33.391 517.654,32.338 C518.197,30.938 518.846,29.942 519.894,28.894 C520.942,27.846 521.94,27.196 523.338,26.654 C524.393,26.244 525.979,25.756 528.898,25.623 C532.057,25.479 533.004,25.448 541,25.448 C548.997,25.448 549.943,25.479 553.102,25.623 C556.021,25.756 557.607,26.244 558.662,26.654 C560.06,27.196 561.058,27.846 562.106,28.894 C563.154,29.942 563.803,30.938 564.346,32.338 C564.756,33.391 565.244,34.978 565.378,37.899 C565.522,41.056 565.552,42.003 565.552,50 C565.552,57.996 565.522,58.943 565.378,62.101 M570.82,37.631 C570.674,34.438 570.167,32.258 569.425,30.349 C568.659,28.377 567.633,26.702 565.965,25.035 C564.297,23.368 562.623,22.342 560.652,21.575 C558.743,20.834 556.562,20.326 553.369,20.18 C550.169,20.033 549.148,20 541,20 C532.853,20 531.831,20.033 528.631,20.18 C525.438,20.326 523.257,20.834 521.349,21.575 C519.376,22.342 517.703,23.368 516.035,25.035 C514.368,26.702 513.342,28.377 512.574,30.349 C511.834,32.258 511.326,34.438 511.181,37.631 C511.035,40.831 511,41.851 511,50 C511,58.147 511.035,59.17 511.181,62.369 C511.326,65.562 511.834,67.743 512.574,69.651 C513.342,71.625 514.368,73.296 516.035,74.965 C517.703,76.634 519.376,77.658 521.349,78.425 C523.257,79.167 525.438,79.673 528.631,79.82 C531.831,79.965 532.853,80.001 541,80.001 C549.148,80.001 550.169,79.965 553.369,79.82 C556.562,79.673 558.743,79.167 560.652,78.425 C562.623,77.658 564.297,76.634 565.965,74.965 C567.633,73.296 568.659,71.625 569.425,69.651 C570.167,67.743 570.674,65.562 570.82,62.369 C570.966,59.17 571,58.147 571,50 C571,41.851 570.966,40.831 570.82,37.631\"><\/path><\/g><\/g><\/g><\/svg><\/div><div style=\"padding-top: 8px;\"> <div style=\" color:#3897f0; font-family:Arial,sans-serif; font-size:14px; font-style:normal; font-weight:550; line-height:18px;\">View this post on Instagram<\/div><\/div><div style=\"padding: 12.5% 0;\"><\/div> <div style=\"display: flex; flex-direction: row; margin-bottom: 14px; align-items: center;\"><div> <div style=\"background-color: #F4F4F4; border-radius: 50%; height: 12.5px; width: 12.5px; transform: translateX(0px) translateY(7px);\"><\/div> <div style=\"background-color: #F4F4F4; height: 12.5px; transform: rotate(-45deg) translateX(3px) translateY(1px); width: 12.5px; flex-grow: 0; margin-right: 14px; margin-left: 2px;\"><\/div> <div style=\"background-color: #F4F4F4; border-radius: 50%; height: 12.5px; width: 12.5px; transform: translateX(9px) translateY(-18px);\"><\/div><\/div><div style=\"margin-left: 8px;\"> <div style=\" background-color: #F4F4F4; border-radius: 50%; flex-grow: 0; height: 20px; width: 20px;\"><\/div> <div style=\" width: 0; height: 0; border-top: 2px solid transparent; border-left: 6px solid #f4f4f4; border-bottom: 2px solid transparent; transform: translateX(16px) translateY(-4px) rotate(30deg)\"><\/div><\/div><div style=\"margin-left: auto;\"> <div style=\" width: 0px; border-top: 8px solid #F4F4F4; border-right: 8px solid transparent; transform: translateY(16px);\"><\/div> <div style=\" background-color: #F4F4F4; flex-grow: 0; height: 12px; width: 16px; transform: translateY(-4px);\"><\/div> <div style=\" width: 0; height: 0; border-top: 8px solid #F4F4F4; border-left: 8px solid transparent; transform: translateY(-4px) translateX(8px);\"><\/div><\/div><\/div> <div style=\"display: flex; flex-direction: column; flex-grow: 1; justify-content: center; margin-bottom: 24px;\"> <div style=\" background-color: #F4F4F4; border-radius: 4px; flex-grow: 0; height: 14px; margin-bottom: 6px; width: 224px;\"><\/div> <div style=\" background-color: #F4F4F4; border-radius: 4px; flex-grow: 0; height: 14px; width: 144px;\"><\/div><\/div><\/a><p style=\" color:#c9c8cd; font-family:Arial,sans-serif; font-size:14px; line-height:17px; margin-bottom:0; margin-top:8px; overflow:hidden; padding:8px 0 7px; text-align:center; text-overflow:ellipsis; white-space:nowrap;\"><a href=\"https:\/\/www.instagram.com\/p\/CK3ur4wHsdd\/?utm_source=ig_embed&amp;utm_campaign=loading\" style=\" color:#c9c8cd; font-family:Arial,sans-serif; font-size:14px; font-style:normal; font-weight:normal; line-height:17px; text-decoration:none;\" target=\"_blank\">A post shared by Innoware Development AB (@innowaredevelopment)<\/a><\/p><\/div><\/blockquote><script async src=\"\/\/platform.instagram.com\/en_US\/embeds.js\"><\/script>\n<\/div><\/figure>\n\n\n\n<div style=\"height:100px\" aria-hidden=\"true\" class=\"wp-block-spacer\"><\/div>\n\n\n\n<figure class=\"wp-block-gallery has-nested-images columns-default is-cropped wp-block-gallery-1 is-layout-flex wp-block-gallery-is-layout-flex\">\n<figure class=\"wp-block-image size-large\"><img loading=\"lazy\" decoding=\"async\" width=\"461\" height=\"1024\" data-id=\"841\" src=\"http:\/\/www.xbb.se\/wp-content\/uploads\/2021\/09\/Screenshot_20210901-204354_XBB-461x1024.jpg\" alt=\"\" class=\"wp-image-841\" srcset=\"https:\/\/www.xbb.se\/wp-content\/uploads\/2021\/09\/Screenshot_20210901-204354_XBB-461x1024.jpg 461w, https:\/\/www.xbb.se\/wp-content\/uploads\/2021\/09\/Screenshot_20210901-204354_XBB-135x300.jpg 135w, https:\/\/www.xbb.se\/wp-content\/uploads\/2021\/09\/Screenshot_20210901-204354_XBB-691x1536.jpg 691w, https:\/\/www.xbb.se\/wp-content\/uploads\/2021\/09\/Screenshot_20210901-204354_XBB-5x12.jpg 5w, https:\/\/www.xbb.se\/wp-content\/uploads\/2021\/09\/Screenshot_20210901-204354_XBB.jpg 720w\" sizes=\"auto, (max-width: 461px) 100vw, 461px\" \/><figcaption>Starta appen och scanna efter din Dongle.<br>Hittar du inte Dongeln kan du beh\u00f6va dra ur den och s\u00e4tta i den igen.<\/figcaption><\/figure>\n\n\n\n<figure class=\"wp-block-image size-large\"><img loading=\"lazy\" decoding=\"async\" width=\"461\" height=\"1024\" data-id=\"842\" src=\"http:\/\/www.xbb.se\/wp-content\/uploads\/2021\/09\/Screenshot_20210901-204410_XBB-461x1024.jpg\" alt=\"\" class=\"wp-image-842\" srcset=\"https:\/\/www.xbb.se\/wp-content\/uploads\/2021\/09\/Screenshot_20210901-204410_XBB-461x1024.jpg 461w, https:\/\/www.xbb.se\/wp-content\/uploads\/2021\/09\/Screenshot_20210901-204410_XBB-135x300.jpg 135w, https:\/\/www.xbb.se\/wp-content\/uploads\/2021\/09\/Screenshot_20210901-204410_XBB-691x1536.jpg 691w, https:\/\/www.xbb.se\/wp-content\/uploads\/2021\/09\/Screenshot_20210901-204410_XBB-5x12.jpg 5w, https:\/\/www.xbb.se\/wp-content\/uploads\/2021\/09\/Screenshot_20210901-204410_XBB.jpg 720w\" sizes=\"auto, (max-width: 461px) 100vw, 461px\" \/><figcaption>V\u00e4lj r\u00e4tt Dongel om det finns fler att v\u00e4lja p\u00e5, exempelvis p\u00e5 en verkstad<\/figcaption><\/figure>\n\n\n\n<figure class=\"wp-block-image size-large\"><img loading=\"lazy\" decoding=\"async\" width=\"461\" height=\"1024\" data-id=\"843\" src=\"http:\/\/www.xbb.se\/wp-content\/uploads\/2021\/09\/Screenshot_20210901-204439_XBB-461x1024.jpg\" alt=\"\" class=\"wp-image-843\" srcset=\"https:\/\/www.xbb.se\/wp-content\/uploads\/2021\/09\/Screenshot_20210901-204439_XBB-461x1024.jpg 461w, https:\/\/www.xbb.se\/wp-content\/uploads\/2021\/09\/Screenshot_20210901-204439_XBB-135x300.jpg 135w, https:\/\/www.xbb.se\/wp-content\/uploads\/2021\/09\/Screenshot_20210901-204439_XBB-691x1536.jpg 691w, https:\/\/www.xbb.se\/wp-content\/uploads\/2021\/09\/Screenshot_20210901-204439_XBB-5x12.jpg 5w, https:\/\/www.xbb.se\/wp-content\/uploads\/2021\/09\/Screenshot_20210901-204439_XBB.jpg 720w\" sizes=\"auto, (max-width: 461px) 100vw, 461px\" \/><figcaption>I det h\u00e4r fallet fanns det redan ett installerat recept i Dongeln s\u00e5 nu \u00e4r det bara att klicka p\u00e5 fliken f\u00f6r  PowerUnit<\/figcaption><\/figure>\n\n\n\n<figure class=\"wp-block-image size-large\"><img loading=\"lazy\" decoding=\"async\" width=\"461\" height=\"1024\" data-id=\"837\" src=\"http:\/\/www.xbb.se\/wp-content\/uploads\/2021\/09\/Screenshot_20210901-202347_XBB-461x1024.jpg\" alt=\"\" class=\"wp-image-837\" srcset=\"https:\/\/www.xbb.se\/wp-content\/uploads\/2021\/09\/Screenshot_20210901-202347_XBB-461x1024.jpg 461w, https:\/\/www.xbb.se\/wp-content\/uploads\/2021\/09\/Screenshot_20210901-202347_XBB-135x300.jpg 135w, https:\/\/www.xbb.se\/wp-content\/uploads\/2021\/09\/Screenshot_20210901-202347_XBB-691x1536.jpg 691w, https:\/\/www.xbb.se\/wp-content\/uploads\/2021\/09\/Screenshot_20210901-202347_XBB-5x12.jpg 5w, https:\/\/www.xbb.se\/wp-content\/uploads\/2021\/09\/Screenshot_20210901-202347_XBB.jpg 720w\" sizes=\"auto, (max-width: 461px) 100vw, 461px\" \/><figcaption>H\u00e4r syns det att en \u00e4r knapp redan \u00e4r inlagd i appen samt 2 st PowerUnit&#8217;s. \u00c4r det en nyinstallation trycker man p\u00e5 plustecknet f\u00f6r att l\u00e4gga till en knapp eller PowerUnit<\/figcaption><\/figure>\n\n\n\n<figure class=\"wp-block-image size-large\"><img loading=\"lazy\" decoding=\"async\" width=\"461\" height=\"1024\" data-id=\"838\" src=\"http:\/\/www.xbb.se\/wp-content\/uploads\/2021\/09\/Screenshot_20210901-202405_XBB-461x1024.jpg\" alt=\"\" class=\"wp-image-838\" srcset=\"https:\/\/www.xbb.se\/wp-content\/uploads\/2021\/09\/Screenshot_20210901-202405_XBB-461x1024.jpg 461w, https:\/\/www.xbb.se\/wp-content\/uploads\/2021\/09\/Screenshot_20210901-202405_XBB-135x300.jpg 135w, https:\/\/www.xbb.se\/wp-content\/uploads\/2021\/09\/Screenshot_20210901-202405_XBB-691x1536.jpg 691w, https:\/\/www.xbb.se\/wp-content\/uploads\/2021\/09\/Screenshot_20210901-202405_XBB-5x12.jpg 5w, https:\/\/www.xbb.se\/wp-content\/uploads\/2021\/09\/Screenshot_20210901-202405_XBB.jpg 720w\" sizes=\"auto, (max-width: 461px) 100vw, 461px\" \/><figcaption>PowerUnit 1<br>I det h\u00e4r exemplet kommer LED-rampen som \u00e4r kopplad p\u00e5 utg\u00e5ng 1 att st\u00e4ngas av n\u00e4r man dubbelklickar p\u00e5 knappen<\/figcaption><\/figure>\n\n\n\n<figure class=\"wp-block-image size-large\"><img loading=\"lazy\" decoding=\"async\" width=\"461\" height=\"1024\" data-id=\"840\" src=\"http:\/\/www.xbb.se\/wp-content\/uploads\/2021\/09\/Screenshot_20210901-202422_XBB-461x1024.jpg\" alt=\"\" class=\"wp-image-840\" srcset=\"https:\/\/www.xbb.se\/wp-content\/uploads\/2021\/09\/Screenshot_20210901-202422_XBB-461x1024.jpg 461w, https:\/\/www.xbb.se\/wp-content\/uploads\/2021\/09\/Screenshot_20210901-202422_XBB-135x300.jpg 135w, https:\/\/www.xbb.se\/wp-content\/uploads\/2021\/09\/Screenshot_20210901-202422_XBB-691x1536.jpg 691w, https:\/\/www.xbb.se\/wp-content\/uploads\/2021\/09\/Screenshot_20210901-202422_XBB-5x12.jpg 5w, https:\/\/www.xbb.se\/wp-content\/uploads\/2021\/09\/Screenshot_20210901-202422_XBB.jpg 720w\" sizes=\"auto, (max-width: 461px) 100vw, 461px\" \/><figcaption>PowerUnit 2<br>I det h\u00e4r exemplet kommer backljusen som \u00e4r kopplade p\u00e5 utg\u00e5ng 1 &amp; 2 att t\u00e4ndas n\u00e4r man trycker en g\u00e5ng p\u00e5 knappen<\/figcaption><\/figure>\n<\/figure>\n","protected":false},"excerpt":{"rendered":"<p>Styr din belysning eller inkopplade utrustning med hj\u00e4lp en tr\u00e5dl\u00f6s tryckknapp. Kommunicerar med din XBB Dongle via Bluetooth s\u00e5 du slipper klippa i kablar f\u00f6r att koppla in en traditionellt tr\u00e5dbunden str\u00f6mbrytare. Knappen kan programmeras f\u00f6r att aktivera eller deaktivera utg\u00e5ng 1 &amp; 2 p\u00e5 dina PowerUnits. Du har d\u00e4rmed flera funktioner i samma knapp! [&hellip;]<\/p>\n","protected":false},"author":4,"featured_media":0,"parent":0,"menu_order":0,"comment_status":"closed","ping_status":"closed","template":"","meta":{"_monsterinsights_skip_tracking":false,"_monsterinsights_sitenote_active":false,"_monsterinsights_sitenote_note":"","_monsterinsights_sitenote_category":0,"footnotes":""},"categories":[],"tags":[],"class_list":["post-802","page","type-page","status-publish","hentry"],"jetpack_sharing_enabled":true,"_links":{"self":[{"href":"https:\/\/www.xbb.se\/sv_se\/wp-json\/wp\/v2\/pages\/802","targetHints":{"allow":["GET"]}}],"collection":[{"href":"https:\/\/www.xbb.se\/sv_se\/wp-json\/wp\/v2\/pages"}],"about":[{"href":"https:\/\/www.xbb.se\/sv_se\/wp-json\/wp\/v2\/types\/page"}],"author":[{"embeddable":true,"href":"https:\/\/www.xbb.se\/sv_se\/wp-json\/wp\/v2\/users\/4"}],"replies":[{"embeddable":true,"href":"https:\/\/www.xbb.se\/sv_se\/wp-json\/wp\/v2\/comments?post=802"}],"version-history":[{"count":76,"href":"https:\/\/www.xbb.se\/sv_se\/wp-json\/wp\/v2\/pages\/802\/revisions"}],"predecessor-version":[{"id":1639,"href":"https:\/\/www.xbb.se\/sv_se\/wp-json\/wp\/v2\/pages\/802\/revisions\/1639"}],"wp:attachment":[{"href":"https:\/\/www.xbb.se\/sv_se\/wp-json\/wp\/v2\/media?parent=802"}],"wp:term":[{"taxonomy":"category","embeddable":true,"href":"https:\/\/www.xbb.se\/sv_se\/wp-json\/wp\/v2\/categories?post=802"},{"taxonomy":"post_tag","embeddable":true,"href":"https:\/\/www.xbb.se\/sv_se\/wp-json\/wp\/v2\/tags?post=802"}],"curies":[{"name":"wp","href":"https:\/\/api.w.org\/{rel}","templated":true}]}}