{"id":51,"date":"2020-12-20T14:32:33","date_gmt":"2020-12-20T14:32:33","guid":{"rendered":"http:\/\/13.53.131.1\/?page_id=51"},"modified":"2025-09-02T14:36:23","modified_gmt":"2025-09-02T12:36:23","slug":"xbb-dongle-xbb-powerunit","status":"publish","type":"page","link":"https:\/\/www.xbb.se\/sv_se\/xbb-dongle-xbb-powerunit\/","title":{"rendered":"XBB Dongle\u00ae &#038; XBB PowerUnit\u00ae"},"content":{"rendered":"\n<div class=\"wp-block-group\"><div class=\"wp-block-group__inner-container is-layout-flow wp-block-group-is-layout-flow\">\n<h2 class=\"wp-block-heading\">Om<\/h2>\n<\/div><\/div>\n\n\n\n<div class=\"wp-block-columns is-layout-flex wp-container-core-columns-is-layout-9d6595d7 wp-block-columns-is-layout-flex\">\n<div class=\"wp-block-column is-layout-flow wp-block-column-is-layout-flow\" style=\"flex-basis:25%\">\n<ul class=\"wp-block-list\">\n<li>Det enklaste &amp; snabbaste s\u00e4ttet att installera fordonsbelysning p\u00e5 marknaden! <\/li>\n\n\n\n<li>Du beh\u00f6ver <span style=\"text-decoration: underline;\"><strong>inte <\/strong><\/span>leta efter CAN-bus kablar i motorutrymmet eller i kup\u00e9n.<\/li>\n\n\n\n<li>Ingen \u00e5verkan p\u00e5 bilens elsystem! Slipp felkoder och garantip\u00e5f\u00f6ljder!<\/li>\n\n\n\n<li>Tr\u00e5dl\u00f6s kommunikation via Bluetooth 5 f\u00f6r att minimera kabeldragning.<\/li>\n\n\n\n<li>Anslut upp till 4 st XBB PowerUnit\u00ae till en XBB Dongle\u00ae<\/li>\n\n\n\n<li>Anv\u00e4ndarv\u00e4nlig installation som utf\u00f6rs med en smartphone, var klar p\u00e5 ett f\u00e5tal minuter.<\/li>\n\n\n\n<li>Fungerar till b\u00e5de Android &amp; iOS.<\/li>\n<\/ul>\n<\/div>\n\n\n\n<div class=\"wp-block-column is-vertically-aligned-top is-layout-flow wp-block-column-is-layout-flow\" style=\"flex-basis:65%\">\n<div class=\"wp-block-columns is-layout-flex wp-container-core-columns-is-layout-9d6595d7 wp-block-columns-is-layout-flex\">\n<div class=\"wp-block-column is-layout-flow wp-block-column-is-layout-flow\" style=\"flex-basis:100%\">\n<div class=\"wp-block-columns is-layout-flex wp-container-core-columns-is-layout-9d6595d7 wp-block-columns-is-layout-flex\">\n<div class=\"wp-block-column is-layout-flow wp-block-column-is-layout-flow\">\n<p class=\"has-text-align-center\">Installationen p\u00e5 90 sekunder.<\/p>\n\n\n\n<figure class=\"wp-block-embed is-type-video is-provider-youtube wp-block-embed-youtube wp-embed-aspect-16-9 wp-has-aspect-ratio\"><div class=\"wp-block-embed__wrapper\">\n<iframe loading=\"lazy\" title=\"XBB Dongle &amp; XBB PowerUnit Installation p\u00e5 endast 90 sekunder!\" width=\"1140\" height=\"641\" src=\"https:\/\/www.youtube.com\/embed\/KBsbvsVQm0s?feature=oembed\" frameborder=\"0\" allow=\"accelerometer; autoplay; clipboard-write; encrypted-media; gyroscope; picture-in-picture; web-share\" referrerpolicy=\"strict-origin-when-cross-origin\" allowfullscreen><\/iframe>\n<\/div><\/figure>\n\n\n\n<p class=\"has-text-align-center\">Signaler fr\u00e5n helljus, backljus, t\u00e4ndning mm. klart p\u00e5 en och samma g\u00e5ng.<br>Mer filmer finns l\u00e4ngst ner p\u00e5 sidan.<\/p>\n<\/div>\n<\/div>\n\n\n\n<div class=\"wp-block-columns is-layout-flex wp-container-core-columns-is-layout-9d6595d7 wp-block-columns-is-layout-flex\">\n<div class=\"wp-block-column is-layout-flow wp-block-column-is-layout-flow\"><\/div>\n<\/div>\n<\/div>\n<\/div>\n<\/div>\n<\/div>\n\n\n\n<hr class=\"wp-block-separator has-alpha-channel-opacity\"\/>\n\n\n\n<h2 class=\"wp-block-heading\">Beskrivning<\/h2>\n\n\n<div class=\"wp-block-image is-style-default\">\n<figure class=\"alignleft size-large is-resized\"><img loading=\"lazy\" decoding=\"async\" width=\"1024\" height=\"768\" src=\"https:\/\/www.xbb.se\/wp-content\/uploads\/2025\/09\/XBB-Dongle-Kit-1024x768.jpg\" alt=\"\" class=\"wp-image-2432\" style=\"width:668px;height:auto\" srcset=\"https:\/\/www.xbb.se\/wp-content\/uploads\/2025\/09\/XBB-Dongle-Kit-1024x768.jpg 1024w, https:\/\/www.xbb.se\/wp-content\/uploads\/2025\/09\/XBB-Dongle-Kit-300x225.jpg 300w, https:\/\/www.xbb.se\/wp-content\/uploads\/2025\/09\/XBB-Dongle-Kit-768x576.jpg 768w, https:\/\/www.xbb.se\/wp-content\/uploads\/2025\/09\/XBB-Dongle-Kit-16x12.jpg 16w, https:\/\/www.xbb.se\/wp-content\/uploads\/2025\/09\/XBB-Dongle-Kit-1140x855.jpg 1140w, https:\/\/www.xbb.se\/wp-content\/uploads\/2025\/09\/XBB-Dongle-Kit-570x428.jpg 570w, https:\/\/www.xbb.se\/wp-content\/uploads\/2025\/09\/XBB-Dongle-Kit-380x285.jpg 380w, https:\/\/www.xbb.se\/wp-content\/uploads\/2025\/09\/XBB-Dongle-Kit-285x214.jpg 285w, https:\/\/www.xbb.se\/wp-content\/uploads\/2025\/09\/XBB-Dongle-Kit.jpg 1500w\" sizes=\"auto, (max-width: 1024px) 100vw, 1024px\" \/><figcaption class=\"wp-element-caption\">XBB Dongle\u00ae &#8211; Artikelnummer IDAB-2020-0528-1<br>XBB PowerUnit\u00ae &#8211; Artikelnummer IDAB-2020-0528-2<br>XBB-kit (XBB Dongle\u00ae + XBB PowerUnit\u00ae) &#8211; Artikelnummer IDAB-2020-0528-3<\/figcaption><\/figure>\n<\/div>\n\n\n<p>XBB Dongle\u00ae och XBB PowerUnit\u00ae erbjuder ett modernt och smidigt s\u00e4tt att installera fordonsbelysning p\u00e5 din bil. P\u00e5 m\u00e5nga av dagens moderna fordon \u00e4r det inte l\u00e4ngre m\u00f6jligt att koppla in extraljus p\u00e5 det &#8221;traditionella&#8221; s\u00e4ttet, med ett rel\u00e4 och styrstr\u00f6m fr\u00e5n bilens original-helljus, som var standard n\u00e4r bilar hade halogenlampor. Moderna fordon med avancerade str\u00e5lkastarsystem kr\u00e4ver ist\u00e4llet anv\u00e4ndning av ett s\u00e5 kallat CAN-bus-interface f\u00f6r att ansluta eftermarknadsbelysning.<\/p>\n\n\n\n<p>XBB Dongle\u00ae \u00e4r ett CAN-bus-interface som skiljer sig fr\u00e5n andra produkter p\u00e5 marknaden. Till skillnad fr\u00e5n alla andra l\u00f6sningar ansluts ingen elektronik direkt till bilens interna CAN-bus-n\u00e4tverk. Ist\u00e4llet utnyttjar XBB Dongle\u00ae den information som finns tillg\u00e4nglig via bilens diagnosuttag*.<\/p>\n\n\n\n<p>Installationen b\u00f6rjar alltid med att man monterar sin XBB Dongle\u00ae i fordonets diagnosuttag. Med hj\u00e4lp av en mobiltelefon och v\u00e5r app XBB Configurator provar man sen olika recept f\u00f6r att hitta ett som \u00e4r kompatibelt med just din bil. N\u00e4r det v\u00e4l \u00e4r gjort forts\u00e4tter man med att installera belysningen och XBB PowerUnit\u00ae.<\/p>\n\n\n\n<p>Ytterligare en f\u00f6rdel med XBB Dongle\u00ae och XBB PowerUnit\u00ae \u00e4r att du f\u00e5r tillg\u00e5ng till ett flertal** olika signaler fr\u00e5n fordonet och har p\u00e5 s\u00e5 s\u00e4tt m\u00f6jlighet att inte bara styra extraljusen utan du f\u00e5r p\u00e5 k\u00f6pet oftast signaler till b\u00e5de DRL belysning, backljus mm.<\/p>\n\n\n\n<p>Varje XBB PowerUnit\u00ae har tv\u00e5 stycken utg\u00e5ngar som kan styras helt individuellt, antingen med tv\u00e5 olika signaler eller samma signal p\u00e5 b\u00e5da utg\u00e5ngarna. Det g\u00e5r \u00e4ven att fysiskt koppla ihop b\u00e5da utg\u00e5ngarna f\u00f6r att p\u00e5 s\u00e5 s\u00e4tt l\u00e4gga ihop effekt\/str\u00f6mmen som g\u00e5r att leverera ut fr\u00e5n XBB PowerUnit\u00ae. Utg\u00e5ng 1 kan belastas med 15 Ampere &amp; utg\u00e5ng 2 kan belastas med 5 Ampere.<\/p>\n\n\n\n<p>* Diagnosuttaget, \u00e4ven kallat OBD2-uttag, \u00e4r en kontakt som enligt EU-lagstiftning (EU-direktiv 2018:858) m\u00e5ste finnas p\u00e5 alla bilar (fossilbilar) som s\u00e4ljs i Europa. Enligt samma lag \u00e4r fordonstillverkare skyldiga att tillhandah\u00e5lla fordonets status via diagnosuttaget f\u00f6r att tredje parts verkst\u00e4der skall kan erbjuda service och reparationer. Utan denna lag skulle du vara tvungen att alltid v\u00e4nda dig till en auktoriserad m\u00e4rkesverkstad f\u00f6r service.<\/p>\n\n\n\n<p>** Vilka signaler som finns att tillg\u00e5 \u00e4r beroende p\u00e5 vilket recept som \u00e4r kompatibelt med ditt fordon. Signalerna finns listade under respektive recept som kan besk\u00e5das antingen h\u00e4r p\u00e5 <a href=\"https:\/\/www.xbb.se\/sv_se\/compatible-cars\/\" target=\"_blank\" rel=\"noreferrer noopener\">hemsidan <\/a>eller via appen.<\/p>\n\n\n\n<hr class=\"wp-block-separator has-css-opacity\"\/>\n\n\n\n<div class=\"wp-block-group\"><div class=\"wp-block-group__inner-container is-layout-flow wp-block-group-is-layout-flow\">\n<div class=\"wp-block-group\"><div class=\"wp-block-group__inner-container is-layout-flow wp-block-group-is-layout-flow\">\n<div class=\"wp-block-group\"><div class=\"wp-block-group__inner-container is-layout-flow wp-block-group-is-layout-flow\">\n<h2 class=\"wp-block-heading\" id=\"support\">Support<\/h2>\n<\/div><\/div>\n<\/div><\/div>\n<\/div><\/div>\n\n\n\n<p><strong>OBS!<\/strong> <strong>Kontakta i f\u00f6rsta hand \u00e5terf\u00f6rs\u00e4ljaren d\u00e4r ni k\u00f6pte erat XBB System!<\/strong><\/p>\n\n\n\n<p><strong>Tips<\/strong>. Genom att f\u00f6lja v\u00e5r <a href=\"https:\/\/www.xbb.se\/sv_se\/snabbguide\/\" target=\"_blank\" rel=\"noreferrer noopener\"><strong>Installationsguide<\/strong> <\/a> fr\u00e5n b\u00f6rjan till slut undviker ni de flesta bekymmer som kan dyka upp. Beh\u00f6ver ni snabb hj\u00e4lp s\u00e5 s\u00f6k i v\u00e5r <a href=\"https:\/\/www.xbb.se\/sv_se\/faq\/\" target=\"_blank\" rel=\"noreferrer noopener\"><strong>FAQ<\/strong> <\/a> . Vi har \u00e4ven flera instruktionsfilmer l\u00e4ngre ner p\u00e5 sidan.<\/p>\n\n\n\n<div style=\"height:50px\" aria-hidden=\"true\" class=\"wp-block-spacer\"><\/div>\n\n\n\n<div class=\"wp-block-group\"><div class=\"wp-block-group__inner-container is-layout-flow wp-block-group-is-layout-flow\">\n<h2 class=\"wp-block-heading\">Manual, FAQ och kopplingsexempel<\/h2>\n\n\n\n<div class=\"wp-block-columns is-layout-flex wp-container-core-columns-is-layout-9d6595d7 wp-block-columns-is-layout-flex\">\n<div class=\"wp-block-column is-layout-flow wp-block-column-is-layout-flow\">\n<ul class=\"wp-block-list\">\n<li><a rel=\"noreferrer noopener\" href=\"https:\/\/www.xbb.se\/sv_se\/snabbguide\/\" target=\"_blank\">Installationsguide!<\/a> (Manual)<\/li>\n\n\n\n<li><a rel=\"noreferrer noopener\" href=\"https:\/\/www.xbb.se\/sv_se\/faq\/\" data-type=\"URL\" target=\"_blank\">FAQ<\/a> (Vanliga fr\u00e5gor &amp; funderingar)<\/li>\n\n\n\n<li><a href=\"https:\/\/www.xbb.se\/sv_se\/kopplingsexempel\/\" data-type=\"URL\">XBB PowerUnit\u00ae kopplingsexempel<\/a> <\/li>\n<\/ul>\n<\/div>\n\n\n\n<div class=\"wp-block-column is-layout-flow wp-block-column-is-layout-flow\">\n<ul class=\"wp-block-list\">\n<li><a rel=\"noreferrer noopener\" href=\"https:\/\/www.xbb.se\/wp-content\/uploads\/2021\/02\/DATASHEET-XBB-Placement-EN-20200204-1.pdf\" target=\"_blank\">Placeringsguide<\/a><\/li>\n\n\n\n<li><a href=\"https:\/\/www.xbb.se\/sv_se\/filmer\/\">Installationsfilmer<\/a><\/li>\n\n\n\n<li><a rel=\"noreferrer noopener\" href=\"https:\/\/www.xbb.se\/mer-information\/\" target=\"_blank\">\u00d6vriga dokument<\/a><\/li>\n<\/ul>\n<\/div>\n<\/div>\n<\/div><\/div>\n\n\n\n<div style=\"height:50px\" aria-hidden=\"true\" class=\"wp-block-spacer\"><\/div>\n\n\n\n<p>\u00c4r det inte br\u00e5ttom kan ni anv\u00e4nd v\u00e5r <a href=\"https:\/\/www.xbb.se\/sv_se\/help\/\" target=\"_blank\" rel=\"noreferrer noopener\">supportsida<\/a>. <br>Vi svarar i m\u00e5n av tid, fr\u00e5gor som redan besvaras i manualen och FAQn nedprioriteras pga h\u00f6gt tryck p\u00e5 supporten. <br>Tack p\u00e5 f\u00f6rhand.<\/p>\n\n\n\n<div style=\"height:50px\" aria-hidden=\"true\" class=\"wp-block-spacer\"><\/div>\n\n\n\n<hr class=\"wp-block-separator has-css-opacity\"\/>\n","protected":false},"excerpt":{"rendered":"<p>Om Installationen p\u00e5 90 sekunder. Signaler fr\u00e5n helljus, backljus, t\u00e4ndning mm. klart p\u00e5 en och samma g\u00e5ng.Mer filmer finns l\u00e4ngst ner p\u00e5 sidan. Beskrivning XBB Dongle\u00ae och XBB PowerUnit\u00ae erbjuder ett modernt och smidigt s\u00e4tt att installera fordonsbelysning p\u00e5 din bil. P\u00e5 m\u00e5nga av dagens moderna fordon \u00e4r det inte l\u00e4ngre m\u00f6jligt att koppla in [&hellip;]<\/p>\n","protected":false},"author":1,"featured_media":798,"parent":0,"menu_order":0,"comment_status":"closed","ping_status":"closed","template":"","meta":{"_monsterinsights_skip_tracking":false,"_monsterinsights_sitenote_active":false,"_monsterinsights_sitenote_note":"","_monsterinsights_sitenote_category":0,"footnotes":""},"categories":[],"tags":[3,4,5,2],"class_list":["post-51","page","type-page","status-publish","has-post-thumbnail","hentry","tag-extraljus","tag-teknik","tag-xbb","tag-xbb-dongle"],"jetpack_sharing_enabled":true,"_links":{"self":[{"href":"https:\/\/www.xbb.se\/sv_se\/wp-json\/wp\/v2\/pages\/51","targetHints":{"allow":["GET"]}}],"collection":[{"href":"https:\/\/www.xbb.se\/sv_se\/wp-json\/wp\/v2\/pages"}],"about":[{"href":"https:\/\/www.xbb.se\/sv_se\/wp-json\/wp\/v2\/types\/page"}],"author":[{"embeddable":true,"href":"https:\/\/www.xbb.se\/sv_se\/wp-json\/wp\/v2\/users\/1"}],"replies":[{"embeddable":true,"href":"https:\/\/www.xbb.se\/sv_se\/wp-json\/wp\/v2\/comments?post=51"}],"version-history":[{"count":363,"href":"https:\/\/www.xbb.se\/sv_se\/wp-json\/wp\/v2\/pages\/51\/revisions"}],"predecessor-version":[{"id":2706,"href":"https:\/\/www.xbb.se\/sv_se\/wp-json\/wp\/v2\/pages\/51\/revisions\/2706"}],"wp:featuredmedia":[{"embeddable":true,"href":"https:\/\/www.xbb.se\/sv_se\/wp-json\/wp\/v2\/media\/798"}],"wp:attachment":[{"href":"https:\/\/www.xbb.se\/sv_se\/wp-json\/wp\/v2\/media?parent=51"}],"wp:term":[{"taxonomy":"category","embeddable":true,"href":"https:\/\/www.xbb.se\/sv_se\/wp-json\/wp\/v2\/categories?post=51"},{"taxonomy":"post_tag","embeddable":true,"href":"https:\/\/www.xbb.se\/sv_se\/wp-json\/wp\/v2\/tags?post=51"}],"curies":[{"name":"wp","href":"https:\/\/api.w.org\/{rel}","templated":true}]}}