{"id":49,"date":"2020-12-20T14:32:17","date_gmt":"2020-12-20T14:32:17","guid":{"rendered":"http:\/\/13.53.131.1\/?page_id=49"},"modified":"2024-09-16T15:22:38","modified_gmt":"2024-09-16T13:22:38","slug":"xbb-lightswitch","status":"publish","type":"page","link":"https:\/\/www.xbb.se\/sv_se\/xbb-lightswitch\/","title":{"rendered":"XBB Lightswitch\u00ae"},"content":{"rendered":"\n<p><\/p>\n\n\n\n\n\n<div class=\"wp-block-group\"><div class=\"wp-block-group__inner-container is-layout-flow wp-block-group-is-layout-flow\">\n<div class=\"wp-block-columns is-layout-flex wp-container-core-columns-is-layout-9d6595d7 wp-block-columns-is-layout-flex\">\n<div class=\"wp-block-column is-layout-flow wp-block-column-is-layout-flow\" style=\"flex-basis:33.33%\">\n<h2 class=\"wp-block-heading\">Om<\/h2>\n\n\n\n<ul class=\"wp-block-list\">\n<li>Ingen \u00e5verkan p\u00e5 bilens elsystem! Slipp felkoder och garantip\u00e5f\u00f6ljder!<\/li>\n<\/ul>\n\n\n\n<ul class=\"wp-block-list\">\n<li>Utvecklad f\u00f6r bilar med halogen och bi-xenon (solenoid) helljus.<\/li>\n<\/ul>\n\n\n\n<ul class=\"wp-block-list\">\n<li>3 utg\u00e5ngar p\u00e5 totalt 360W @ 12VDC<\/li>\n<\/ul>\n\n\n\n<ul class=\"wp-block-list\">\n<li>Kortslutningsskyddad<\/li>\n<\/ul>\n\n\n\n<ul class=\"wp-block-list\">\n<li>Sp\u00e4nningsbevakning<\/li>\n<\/ul>\n\n\n\n<hr class=\"wp-block-separator has-css-opacity\"\/>\n\n\n\n<h2 class=\"wp-block-heading\"><a href=\"https:\/\/www.xbb.se\/sv_se\/help\/\" target=\"_blank\" rel=\"noreferrer noopener\">Support<\/a><\/h2>\n<\/div>\n\n\n\n<div class=\"wp-block-column is-layout-flow wp-block-column-is-layout-flow\" style=\"flex-basis:66.66%\">\n<figure class=\"wp-block-embed is-type-rich is-provider-embed-handler wp-block-embed-embed-handler wp-embed-aspect-16-9 wp-has-aspect-ratio\"><div class=\"wp-block-embed__wrapper\">\n<iframe loading=\"lazy\" title=\"Inkoppling av extraljus med XBB Lightswitch\" width=\"1140\" height=\"641\" src=\"https:\/\/www.youtube.com\/embed\/-1IQatY0TOU?feature=oembed\" frameborder=\"0\" allow=\"accelerometer; autoplay; clipboard-write; encrypted-media; gyroscope; picture-in-picture; web-share\" referrerpolicy=\"strict-origin-when-cross-origin\" allowfullscreen><\/iframe>\n<\/div><\/figure>\n\n\n\n<p><\/p>\n<\/div>\n<\/div>\n\n\n\n<hr class=\"wp-block-separator has-css-opacity\"\/>\n\n\n\n<h2 class=\"wp-block-heading\">Mer information<\/h2>\n\n\n\n<div class=\"wp-block-columns is-layout-flex wp-container-core-columns-is-layout-9d6595d7 wp-block-columns-is-layout-flex\">\n<div class=\"wp-block-column is-layout-flow wp-block-column-is-layout-flow\">\n<ul class=\"wp-block-list\">\n<li><a href=\"\/wp-content\/uploads\/2021\/03\/FAQ_XBB_LS_SE.pdf\" data-type=\"URL\" data-id=\"\/wp-content\/uploads\/2021\/03\/FAQ_XBB_LS_SE.pdf\" target=\"_blank\" rel=\"noreferrer noopener\">FAQ<\/a><\/li>\n\n\n\n<li><a href=\"\/wp-content\/uploads\/2021\/03\/Manual_XBB_LS_SE.pdf\" data-type=\"URL\" data-id=\"\/wp-content\/uploads\/2021\/03\/Manual_XBB_LS_SE.pdf\" target=\"_blank\" rel=\"noreferrer noopener\">Manual &amp; Kopplingsexempel<\/a><\/li>\n\n\n\n<li><a href=\"\/wp-content\/uploads\/2020\/12\/doc.pdf\" data-type=\"URL\" data-id=\"\/wp-content\/uploads\/2020\/12\/doc.pdf\" target=\"_blank\" rel=\"noreferrer noopener\">F\u00f6rs\u00e4kran om \u00f6verensst\u00e4mmelse<\/a><\/li>\n<\/ul>\n\n\n\n<p><\/p>\n<\/div>\n\n\n\n<div class=\"wp-block-column is-layout-flow wp-block-column-is-layout-flow\">\n<ul class=\"wp-block-list\">\n<li><a href=\"\/wp-content\/uploads\/2020\/12\/Bilmodeller-2017-11-20.pdf\" data-type=\"URL\" data-id=\"\/wp-content\/uploads\/2020\/12\/Bilmodeller-2017-11-20.pdf\" target=\"_blank\" rel=\"noreferrer noopener\">Exempel p\u00e5 bilmodeller<\/a><\/li>\n\n\n\n<li><a href=\"\/wp-content\/uploads\/2020\/12\/monteradmymetall.jpg\" data-type=\"URL\" data-id=\"\/wp-content\/uploads\/2020\/12\/monteradmymetall.jpg\" target=\"_blank\" rel=\"noreferrer noopener\">Mu metal &#8211; instruktion<\/a><\/li>\n\n\n\n<li><a href=\"\/wp-content\/uploads\/2020\/12\/SYSTEMDESCRIPTION_XBB-LIGHTSWITCH_EN-20131022-5.pdf\" data-type=\"URL\" data-id=\"\/wp-content\/uploads\/2020\/12\/SYSTEMDESCRIPTION_XBB-LIGHTSWITCH_EN-20131022-5.pdf\" target=\"_blank\" rel=\"noreferrer noopener\">Systembeskrivning<\/a><\/li>\n<\/ul>\n<\/div>\n<\/div>\n\n\n\n<p><\/p>\n<\/div><\/div>\n\n\n\n<div class=\"wp-block-columns is-layout-flex wp-container-core-columns-is-layout-9d6595d7 wp-block-columns-is-layout-flex\">\n<div class=\"wp-block-column is-layout-flow wp-block-column-is-layout-flow\"><\/div>\n<\/div>\n\n\n\n<div class=\"wp-block-group\"><div class=\"wp-block-group__inner-container is-layout-flow wp-block-group-is-layout-flow\">\n<p><\/p>\n<\/div><\/div>\n","protected":false},"excerpt":{"rendered":"<p>Om Support Mer information<\/p>\n","protected":false},"author":1,"featured_media":0,"parent":0,"menu_order":0,"comment_status":"closed","ping_status":"closed","template":"","meta":{"_monsterinsights_skip_tracking":false,"_monsterinsights_sitenote_active":false,"_monsterinsights_sitenote_note":"","_monsterinsights_sitenote_category":0,"footnotes":""},"categories":[],"tags":[],"class_list":["post-49","page","type-page","status-publish","hentry"],"jetpack_sharing_enabled":true,"_links":{"self":[{"href":"https:\/\/www.xbb.se\/sv_se\/wp-json\/wp\/v2\/pages\/49","targetHints":{"allow":["GET"]}}],"collection":[{"href":"https:\/\/www.xbb.se\/sv_se\/wp-json\/wp\/v2\/pages"}],"about":[{"href":"https:\/\/www.xbb.se\/sv_se\/wp-json\/wp\/v2\/types\/page"}],"author":[{"embeddable":true,"href":"https:\/\/www.xbb.se\/sv_se\/wp-json\/wp\/v2\/users\/1"}],"replies":[{"embeddable":true,"href":"https:\/\/www.xbb.se\/sv_se\/wp-json\/wp\/v2\/comments?post=49"}],"version-history":[{"count":53,"href":"https:\/\/www.xbb.se\/sv_se\/wp-json\/wp\/v2\/pages\/49\/revisions"}],"predecessor-version":[{"id":2015,"href":"https:\/\/www.xbb.se\/sv_se\/wp-json\/wp\/v2\/pages\/49\/revisions\/2015"}],"wp:attachment":[{"href":"https:\/\/www.xbb.se\/sv_se\/wp-json\/wp\/v2\/media?parent=49"}],"wp:term":[{"taxonomy":"category","embeddable":true,"href":"https:\/\/www.xbb.se\/sv_se\/wp-json\/wp\/v2\/categories?post=49"},{"taxonomy":"post_tag","embeddable":true,"href":"https:\/\/www.xbb.se\/sv_se\/wp-json\/wp\/v2\/tags?post=49"}],"curies":[{"name":"wp","href":"https:\/\/api.w.org\/{rel}","templated":true}]}}