{"id":2698,"date":"2025-11-05T22:28:45","date_gmt":"2025-11-05T20:28:45","guid":{"rendered":"https:\/\/www.xbb.se\/?page_id=2698"},"modified":"2025-11-12T17:26:15","modified_gmt":"2025-11-12T15:26:15","slug":"xbbmap","status":"publish","type":"page","link":"https:\/\/www.xbb.se\/sv_se\/xbbmap\/","title":{"rendered":"XBB Kartan"},"content":{"rendered":"\n<p>P\u00e5 kartan nedan kan du hittar v\u00e5ra \u00e5terf\u00f6rs\u00e4ljare men \u00e4ven f\u00f6retag som jobbar med att installera XBB Systemet.<\/p>\n\n\n\r\n            <style>.wpgmza_table_marker { display: none; }<\/style>\r\n            \r\n            \r\n            <a name='map1'><\/a>\r\n            <div class='wpgmza-marker-listing-category-filter' data-map-id='1' id='wpgmza_filter_1' style='text-align:left; margin-bottom:0px;'><span>V\u00e4lj kategorier eller s\u00f6kord och [S\u00d6K]<\/span><div style=\"overflow:auto; display:block; width:100%; height:auto; margin-top:10px;\"><div class=\"wpgmza_cat_checkbox_holder wpgmza_cat_checkbox_1\"><ul class=\"wpgmza_cat_ul wpgmza_cat_checkbox_item_holder\"><li class=\"wpgmza_cat_checkbox_item_holder wpgmza_cat_checkbox_item_holder_3\"><input type=\"checkbox\" value=\"3\" class=\"wpgmza_checkbox\" id=\"wpgmza_cat_checkbox_3\" name=\"wpgmza_cat_checkbox\" mid=\"1\"><label for=\"wpgmza_cat_checkbox_3\">Fordonsutrustare<\/label><\/li><li class=\"wpgmza_cat_checkbox_item_holder wpgmza_cat_checkbox_item_holder_2\"><input type=\"checkbox\" value=\"2\" class=\"wpgmza_checkbox\" id=\"wpgmza_cat_checkbox_2\" name=\"wpgmza_cat_checkbox\" mid=\"1\"><label for=\"wpgmza_cat_checkbox_2\">Verkstad<\/label><\/li><li class=\"wpgmza_cat_checkbox_item_holder wpgmza_cat_checkbox_item_holder_1\"><input type=\"checkbox\" value=\"1\" class=\"wpgmza_checkbox\" id=\"wpgmza_cat_checkbox_1\" name=\"wpgmza_cat_checkbox\" mid=\"1\"><label for=\"wpgmza_cat_checkbox_1\">\u00c5terf\u00f6rs\u00e4ljare<\/label><\/li><\/ul><\/div><\/div><\/div>\r\n            \r\n            \r\n            \r\n            <div class=\"wpgmza_map \"  id=\"wpgmza_map_1\" style=\"display:block; overflow:auto; width:100%; height:450px; float:left;\" data-settings='{\"id\":\"1\",\"map_title\":\"XBB Reseller\",\"map_width\":\"100\",\"map_height\":\"450\",\"map_start_lat\":\"61.688885377886095\",\"map_start_lng\":\"26.433498713172078\",\"map_start_location\":\"45.950464398418106,-109.81550500000003\",\"map_start_zoom\":\"4\",\"default_marker\":\"\",\"type\":\"0\",\"alignment\":\"4\",\"directions_enabled\":\"0\",\"styling_enabled\":\"0\",\"styling_json\":\"\",\"active\":\"0\",\"kml\":\"\",\"bicycle\":\"0\",\"traffic\":\"0\",\"dbox\":\"1\",\"dbox_width\":\"\",\"listmarkers\":\"0\",\"listmarkers_advanced\":\"0\",\"filterbycat\":\"1\",\"ugm_enabled\":\"0\",\"ugm_category_enabled\":\"0\",\"fusion\":\"\",\"map_width_type\":\"%\",\"map_height_type\":\"px\",\"mass_marker_support\":\"0\",\"ugm_access\":\"0\",\"order_markers_by\":\"2\",\"order_markers_choice\":\"1\",\"show_user_location\":\"0\",\"default_to\":\"\",\"other_settings\":{\"map_type\":1,\"sl_stroke_color\":\"#000000\",\"sl_fill_color\":\"#000000\",\"sl_stroke_opacity\":\"\",\"sl_fill_opacity\":\"\",\"transport_layer\":false,\"action\":\"wpgmza_save_map\",\"redirect_to\":\"\\\/wp-admin\\\/admin-post.php\",\"map_id\":\"1\",\"http_referer\":\"\\\/wp-admin\\\/admin.php?page=wp-google-maps-menu&amp;amp;override=1&amp;amp;action=edit&amp;amp;map_id=1\",\"wpgmza_id\":\"1\",\"wpgmza_start_location\":\"61.688885377886095,26.433498713172078\",\"wpgmza_start_zoom\":\"4\",\"store_locator_enabled\":false,\"store_locator_search_area\":\"radial\",\"wpgmza_store_locator_radius_style\":\"legacy\",\"wpgmza_store_locator_default_radius\":\"10\",\"store_locator_auto_area_max_zoom\":\"\",\"store_locator_distance\":false,\"wpgmza_store_locator_position\":false,\"store_locator_show_distance\":false,\"store_locator_category\":false,\"wpgmza_store_locator_use_their_location\":false,\"wpgmza_store_locator_bounce\":false,\"wpgmza_sl_animation\":\"0\",\"wpgmza_store_locator_hide_before_search\":false,\"store_locator_query_string\":\"\",\"store_locator_default_address\":\"\",\"store_locator_name_search\":false,\"store_locator_name_string\":\"\",\"store_locator_not_found_message\":\"\",\"wpgmza_map_align\":\"1\",\"jump_to_nearest_marker_on_initialization\":false,\"automatically_pan_to_users_location\":false,\"override_users_location_zoom_level\":false,\"override_users_location_zoom_levels\":\"\",\"show_distance_from_location\":false,\"map_max_zoom\":\"21\",\"map_min_zoom\":\"0\",\"click_open_link\":false,\"fit_maps_bounds_to_markers\":false,\"fit_maps_bounds_to_markers_after_filtering\":false,\"hide_point_of_interest\":false,\"wpgmza_zoom_on_marker_click\":false,\"wpgmza_zoom_on_marker_click_slider\":\"\",\"close_infowindow_on_map_click\":true,\"disable_lightbox_images\":false,\"use_Raw_Jpeg_Coordinates\":false,\"polygon_labels\":false,\"disable_polygon_info_windows\":false,\"enable_marker_ratings\":false,\"only_load_markers_within_viewport\":false,\"iw_primary_color\":\"#000000\",\"iw_accent_color\":\"#000000\",\"iw_text_color\":\"#000000\",\"wpgmza_listmarkers_by\":\"3\",\"wpgmza_marker_listing_position\":false,\"datatable_no_result_message\":\"\",\"remove_search_box_datables\":true,\"dataTable_pagination_style\":\"default\",\"datatable_search_string\":\"\",\"datatable_result_start\":\"\",\"datatable_result_of\":\"\",\"datatable_result_to\":\"\",\"datatable_result_total\":\"\",\"datatable_result_show\":\"\",\"datatable_result_entries\":\"\",\"wpgmza_savemap\":\"Save Map \\u00bb\",\"store_locator_location_placeholder\":\"\",\"enable_marker_labels\":false,\"zoom_level_mobile_override_enabled\":false,\"zoom_level_mobile_override\":\"\",\"zoom_level_on_marker_listing_override\":true,\"zoom_level_on_marker_listing_click\":\"12\",\"marker_listing_disable_zoom\":false,\"shortcodeAttributes\":{\"id\":\"1\"},\"wpgmza_dbox_width_type\":\"%\",\"default_from\":\"\",\"directions_behaviour\":\"default\",\"force_google_directions_app\":false,\"directions_route_origin_icon\":\"https:\\\/\\\/www.xbb.se\\\/wp-content\\\/plugins\\\/wp-google-maps\\\/images\\\/spotlight-poi3.png\",\"directions_origin_retina\":false,\"directions_route_destination_icon\":\"https:\\\/\\\/www.xbb.se\\\/wp-content\\\/plugins\\\/wp-google-maps\\\/images\\\/spotlight-poi3.png\",\"directions_destination_retina\":false,\"directions_route_stroke_color\":\"#4f8df5\",\"directions_route_stroke_weight\":\"4\",\"directions_route_stroke_opacity\":\"0.8\",\"directions_fit_bounds_to_route\":false,\"wpgmza_store_locator_restrict\":\"\",\"upload_default_sl_marker\":\"\",\"upload_default_sl_marker_retina\":false,\"retina\":false,\"upload_default_ul_marker\":\"\",\"upload_default_ul_marker_retina\":false,\"enable_advanced_custom_fields_integration\":false,\"enable_toolset_woocommerce_integration\":false,\"enable_woo_product_integration\":false,\"enable_filter_custom_field_1\":true,\"enable_filter_custom_field_2\":true,\"marker_listing_component_anchor\":10}}' data-map-id='1' data-shortcode-attributes='{\"id\":\"1\"}'> <\/div>\r\n            \r\n            <div id=\"wpgmza_marker_list_container_1\" class=\"wpgmza_marker_carousel\"><div data-wpgmza-table data-wpgmza-php-class=\"WPGMZA\\MarkerListing\\Carousel\" data-wpgmza-rest-api-route=\"\/marker-listing\/\" data-wpgmza-marker-listing=\"true\" class=\"owl-carousel owl-theme wpgmza_marker_carousel\" style=\"width:100%;\" data-wpgmza-ajax-parameters='{\"map_id\":\"1\"}' id=\"wpgmza_marker_list_1\" data-wpgmza-carousel-marker-listing=\"\"><\/div><\/div>   \r\n        ","protected":false},"excerpt":{"rendered":"<p>P\u00e5 kartan nedan kan du hittar v\u00e5ra \u00e5terf\u00f6rs\u00e4ljare men \u00e4ven f\u00f6retag som jobbar med att installera XBB Systemet.<\/p>\n","protected":false},"author":4,"featured_media":0,"parent":0,"menu_order":0,"comment_status":"closed","ping_status":"closed","template":"","meta":{"_monsterinsights_skip_tracking":false,"_monsterinsights_sitenote_active":false,"_monsterinsights_sitenote_note":"","_monsterinsights_sitenote_category":0,"footnotes":""},"categories":[],"tags":[15,16,5,2,14],"class_list":["post-2698","page","type-page","status-publish","hentry","tag-aterforsaljare","tag-extraljusinstallator","tag-xbb","tag-xbb-dongle","tag-xbb-system"],"jetpack_sharing_enabled":true,"_links":{"self":[{"href":"https:\/\/www.xbb.se\/sv_se\/wp-json\/wp\/v2\/pages\/2698","targetHints":{"allow":["GET"]}}],"collection":[{"href":"https:\/\/www.xbb.se\/sv_se\/wp-json\/wp\/v2\/pages"}],"about":[{"href":"https:\/\/www.xbb.se\/sv_se\/wp-json\/wp\/v2\/types\/page"}],"author":[{"embeddable":true,"href":"https:\/\/www.xbb.se\/sv_se\/wp-json\/wp\/v2\/users\/4"}],"replies":[{"embeddable":true,"href":"https:\/\/www.xbb.se\/sv_se\/wp-json\/wp\/v2\/comments?post=2698"}],"version-history":[{"count":4,"href":"https:\/\/www.xbb.se\/sv_se\/wp-json\/wp\/v2\/pages\/2698\/revisions"}],"predecessor-version":[{"id":2722,"href":"https:\/\/www.xbb.se\/sv_se\/wp-json\/wp\/v2\/pages\/2698\/revisions\/2722"}],"wp:attachment":[{"href":"https:\/\/www.xbb.se\/sv_se\/wp-json\/wp\/v2\/media?parent=2698"}],"wp:term":[{"taxonomy":"category","embeddable":true,"href":"https:\/\/www.xbb.se\/sv_se\/wp-json\/wp\/v2\/categories?post=2698"},{"taxonomy":"post_tag","embeddable":true,"href":"https:\/\/www.xbb.se\/sv_se\/wp-json\/wp\/v2\/tags?post=2698"}],"curies":[{"name":"wp","href":"https:\/\/api.w.org\/{rel}","templated":true}]}}