{"id":2447,"date":"2025-09-06T16:54:03","date_gmt":"2025-09-06T14:54:03","guid":{"rendered":"https:\/\/www.xbb.se\/?page_id=2447"},"modified":"2026-01-06T16:07:02","modified_gmt":"2026-01-06T14:07:02","slug":"receptutlasning","status":"publish","type":"page","link":"https:\/\/www.xbb.se\/sv_se\/receptutlasning\/","title":{"rendered":"Receptutl\u00e4sning"},"content":{"rendered":"\n<p>F\u00f6r att XBB Systemet ska fungera optimalt kr\u00e4vs ett unikt recept anpassat till just din bilmodell och dess utrustningspaket. \u00c4r det s\u00e5 att du har k\u00f6pt en XBB Dongle samt testat ett antal olika recept utan att hitta ett som fungerar, kan det vara s\u00e5 att vi beh\u00f6ver skapa ett nytt recept f\u00f6r din bil.<br><br>Det snabbaste s\u00e4ttet att ta fram detta recept \u00e4r att du bes\u00f6ker oss i\u00a0<a href=\"https:\/\/www.google.com\/maps\/place\/Innoware+Development+Ab\/@59.9293532,16.6115215,760m\/data=!3m2!1e3!4b1!4m6!3m5!1s0x465e12ccf7a78fa9:0x4d09c573ce2867b6!8m2!3d59.9293505!4d16.6140964!16s%2Fg%2F11fkn16tjw?entry=ttu&amp;g_ep=EgoyMDI1MDkxNC4wIKXMDSoASAFQAw%3D%3D\" target=\"_blank\" rel=\"noreferrer noopener\">Sala\u00a0<\/a>med din bil. V\u00e4l p\u00e5 plats tar det vanligtvis ca 30 till 120 minuter f\u00f6r oss att skapa ett recept till din bil. OBS! Vi kan inte l\u00e4sa ut din bil p\u00e5 distans utan m\u00e5ste ha fysisk tillg\u00e5ng till din bil!<\/p>\n\n\n\n<p>Vi tar inte ut n\u00e5gon kostnad f\u00f6r att skapa receptet. Som tack f\u00f6r att du st\u00e4ller upp med din bil och tid s\u00e5 skickar vi med dig lite XBB relaterade produkter eller merch innan du \u00e5ker hem\u00e5t.<\/p>\n\n\n\n<p>Vi kan tyv\u00e4rr inte garantera att ett nytt recept kan g\u00f6ras, men det \u00e4r mycket ovanligt att vi inte lyckas.<\/p>\n\n\n\n<p>Utl\u00e4sning sker i regel p\u00e5 vardagar mellan kl. 08.00 och 14.00.<\/p>\n\n\n\n<p>Fyll i formul\u00e4ret nedan om du vill boka en tid f\u00f6r utl\u00e4sning av recept till din bil. Ge ett f\u00f6rslag p\u00e5 datum och tid d\u00e5 det passar dig att komma till&nbsp;<a href=\"https:\/\/www.google.com\/maps\/place\/Innoware+Development+Ab\/@59.9293532,16.6115215,760m\/data=!3m2!1e3!4b1!4m6!3m5!1s0x465e12ccf7a78fa9:0x4d09c573ce2867b6!8m2!3d59.9293505!4d16.6140964!16s%2Fg%2F11fkn16tjw?entry=ttu&amp;g_ep=EgoyMDI1MDkxNC4wIKXMDSoASAFQAw%3D%3D\" rel=\"noreferrer noopener\" target=\"_blank\">Sala<\/a>.<\/p>\n\n\n\n<p>Vi \u00e5terkommer med svar via e-post till den angivna adressen s\u00e5 fort vi kan! Har du flera funderingar eller \u00e4ndringar g\u00e4llande din tidsbokning s\u00e5 avvakta och svara p\u00e5 e-postbekr\u00e4ftelsen s\u00e5 snart du f\u00e5tt den.<br><br><strong>OBS! Detta formul\u00e4r g\u00e4ller endast f\u00f6r tidsbokning av utl\u00e4sningar. Allm\u00e4nna supportfr\u00e5gor hanteras av v\u00e5ra \u00e5terf\u00f6rs\u00e4ljare och kommer inte besvaras.<\/strong><\/p>\n\n\n<div class=\"wpforms-container wpforms-container-full wpforms-block wpforms-block-9e3f1a2a-a2ae-4a1a-8813-150cb0ab0de6\" id=\"wpforms-2450\"><form id=\"wpforms-form-2450\" class=\"wpforms-validate wpforms-form wpforms-ajax-form\" data-formid=\"2450\" method=\"post\" enctype=\"multipart\/form-data\" action=\"\/sv_se\/wp-json\/wp\/v2\/pages\/2447\" data-token=\"7256b190e7cc209250c8e0e61b27d875\" data-token-time=\"1777212843\"><noscript class=\"wpforms-error-noscript\">Aktivera JavaScript i din webbl\u00e4sare f\u00f6r att fylla i formul\u00e4ret.<\/noscript><div class=\"wpforms-field-container\"><div id=\"wpforms-2450-field_1-container\" class=\"wpforms-field wpforms-field-name\" data-field-id=\"1\"><label class=\"wpforms-field-label\" for=\"wpforms-2450-field_1\">Namn <span class=\"wpforms-required-label\">*<\/span><\/label><input type=\"text\" id=\"wpforms-2450-field_1\" class=\"wpforms-field-medium wpforms-field-required\" name=\"wpforms[fields][1]\" required><\/div><div id=\"wpforms-2450-field_2-container\" class=\"wpforms-field wpforms-field-email\" data-field-id=\"2\"><label class=\"wpforms-field-label\">E-post att bli kontaktad p\u00e5. <span class=\"wpforms-required-label\">*<\/span><\/label><div class=\"wpforms-field-row wpforms-field-medium\"><div class=\"wpforms-field-row-block wpforms-one-half wpforms-first\"><input type=\"email\" id=\"wpforms-2450-field_2\" class=\"wpforms-field-required wpforms-field-email-primary\" name=\"wpforms[fields][2][primary]\" spellcheck=\"false\" required><label for=\"wpforms-2450-field_2\" class=\"wpforms-field-sublabel after\">E-post<\/label><\/div><div class=\"wpforms-field-row-block wpforms-one-half\"><input type=\"email\" id=\"wpforms-2450-field_2-secondary\" class=\"wpforms-field-email-secondary wpforms-field-required\" data-rule-confirm=\"#wpforms-2450-field_2\" name=\"wpforms[fields][2][secondary]\" spellcheck=\"false\" required><label for=\"wpforms-2450-field_2-secondary\" class=\"wpforms-field-sublabel after\">Bekr\u00e4fta e-post<\/label><\/div><\/div><\/div><div id=\"wpforms-2450-field_3-container\" class=\"wpforms-field wpforms-field-text\" data-field-id=\"3\"><label class=\"wpforms-field-label\" for=\"wpforms-2450-field_3\">Bilmodell &amp; \u00e5rsmodell <span class=\"wpforms-required-label\">*<\/span><\/label><input type=\"text\" id=\"wpforms-2450-field_3\" class=\"wpforms-field-medium wpforms-field-required\" name=\"wpforms[fields][3]\" required><\/div><div id=\"wpforms-2450-field_4-container\" class=\"wpforms-field wpforms-field-text\" data-field-id=\"4\"><label class=\"wpforms-field-label\" for=\"wpforms-2450-field_4\">Bilens registreringsnummer <span class=\"wpforms-required-label\">*<\/span><\/label><input type=\"text\" id=\"wpforms-2450-field_4\" class=\"wpforms-field-medium wpforms-field-required\" name=\"wpforms[fields][4]\" required><\/div><div id=\"wpforms-2450-field_6-container\" class=\"wpforms-field wpforms-field-date-time\" data-field-id=\"6\"><label class=\"wpforms-field-label\">\u00d6nskad Datum &amp;  Tid <span class=\"wpforms-required-label\">*<\/span><\/label><div class=\"wpforms-field-row wpforms-field-medium\"><div class=\"wpforms-field-row-block wpforms-date-type-datepicker\"><div class=\"wpforms-datepicker-wrap\"><input type=\"text\" id=\"wpforms-2450-field_6\" class=\"wpforms-field-date-time-date wpforms-datepicker wpforms-field-required\" data-date-format=\"F j, Y\" data-limit-days=\"mon,tue,wed,thu,fri\" data-disable-past-dates=\"1\" data-disable-todays-date=\"0\" data-input=\"true\" name=\"wpforms[fields][6][date]\" required><a title=\"Clear Date\" data-clear role=\"button\" tabindex=\"0\" class=\"wpforms-datepicker-clear\" aria-label=\"Clear Date\" style=\"display:none;\"><\/a><\/div><label for=\"wpforms-2450-field_6\" class=\"wpforms-field-sublabel after\">Date<\/label><\/div><div class=\"wpforms-field-row-block\"><input type=\"text\" id=\"wpforms-2450-field_6-time\" class=\"wpforms-field-date-time-time wpforms-timepicker wpforms-field-required\" data-time-format=\"H:i\" data-step=\"30\" data-rule-time24h=\"true\" data-min-time=\"08:00\" data-max-time=\"14:00\" data-rule-time-limit=\"true\" name=\"wpforms[fields][6][time]\" required><label for=\"wpforms-2450-field_6-time\" class=\"wpforms-field-sublabel after\">Time<\/label><\/div><\/div><div class=\"wpforms-field-description\">Du har st\u00f6rre m\u00f6jlighet att f\u00e5 den \u00f6nskade tiden ju l\u00e4ngre framf\u00f6rh\u00e5llning du har. Inga tider \u00e4r giltiga f\u00f6rr\u00e4n vi har bekr\u00e4ftat dem via e-post.<\/div><\/div><div id=\"wpforms-2450-field_10-container\" class=\"wpforms-field wpforms-field-checkbox\" data-field-id=\"10\"><label class=\"wpforms-field-label\">Jag \u00e4ger en XBB Dongle <span class=\"wpforms-required-label\">*<\/span><\/label><ul id=\"wpforms-2450-field_10\" class=\"wpforms-field-required\" data-choice-limit=\"1\"><li class=\"choice-1 depth-1\"><input type=\"checkbox\" id=\"wpforms-2450-field_10_1\" data-rule-check-limit=\"true\" name=\"wpforms[fields][10][]\" value=\"Ja\" required ><label class=\"wpforms-field-label-inline\" for=\"wpforms-2450-field_10_1\">Ja<\/label><\/li><li class=\"choice-4 depth-1\"><input type=\"checkbox\" id=\"wpforms-2450-field_10_4\" data-rule-check-limit=\"true\" name=\"wpforms[fields][10][]\" value=\"Nej\" required ><label class=\"wpforms-field-label-inline\" for=\"wpforms-2450-field_10_4\">Nej<\/label><\/li><\/ul><\/div><div id=\"wpforms-2450-field_5-container\" class=\"wpforms-field wpforms-field-checkbox\" data-field-id=\"5\"><label class=\"wpforms-field-label\">Jag har testat olika recept p\u00e5 min bil <span class=\"wpforms-required-label\">*<\/span><\/label><ul id=\"wpforms-2450-field_5\" class=\"wpforms-field-required\" data-choice-limit=\"1\"><li class=\"choice-2 depth-1\"><input type=\"checkbox\" id=\"wpforms-2450-field_5_2\" data-rule-check-limit=\"true\" name=\"wpforms[fields][5][]\" value=\"Ja\" required ><label class=\"wpforms-field-label-inline\" for=\"wpforms-2450-field_5_2\">Ja<\/label><\/li><li class=\"choice-1 depth-1\"><input type=\"checkbox\" id=\"wpforms-2450-field_5_1\" data-rule-check-limit=\"true\" name=\"wpforms[fields][5][]\" value=\"Nej\" required ><label class=\"wpforms-field-label-inline\" for=\"wpforms-2450-field_5_1\">Nej<\/label><\/li><\/ul><div class=\"wpforms-field-description\">Viktigt!\n\nOm du har ett konto i XBB Configurator, fyll i den e-postadress du anv\u00e4nder i appen i f\u00e4ltet h\u00e4r under!<\/div><\/div><div id=\"wpforms-2450-field_12-container\" class=\"wpforms-field wpforms-field-email\" data-field-id=\"12\"><label class=\"wpforms-field-label\" for=\"wpforms-2450-field_12\">E-post i appen (XBB Configurator)<\/label><input type=\"email\" id=\"wpforms-2450-field_12\" class=\"wpforms-field-medium\" name=\"wpforms[fields][12]\" spellcheck=\"false\" ><\/div><div id=\"wpforms-2450-field_11-container\" class=\"wpforms-field wpforms-field-checkbox\" data-field-id=\"11\"><label class=\"wpforms-field-label\">Jag har extraljus\/LED-ramp monterat p\u00e5 bilen. <span class=\"wpforms-required-label\">*<\/span><\/label><ul id=\"wpforms-2450-field_11\" class=\"wpforms-field-required\" data-choice-limit=\"1\"><li class=\"choice-1 depth-1\"><input type=\"checkbox\" id=\"wpforms-2450-field_11_1\" data-rule-check-limit=\"true\" name=\"wpforms[fields][11][]\" value=\"Ja\" required ><label class=\"wpforms-field-label-inline\" for=\"wpforms-2450-field_11_1\">Ja<\/label><\/li><li class=\"choice-2 depth-1\"><input type=\"checkbox\" id=\"wpforms-2450-field_11_2\" data-rule-check-limit=\"true\" name=\"wpforms[fields][11][]\" value=\"Nej\" required ><label class=\"wpforms-field-label-inline\" for=\"wpforms-2450-field_11_2\">Nej<\/label><\/li><\/ul><\/div>\t\t<div id=\"wpforms-2450-field_13-container\"\n\t\t\tclass=\"wpforms-field wpforms-field-text\"\n\t\t\tdata-field-type=\"text\"\n\t\t\tdata-field-id=\"13\"\n\t\t\t>\n\t\t\t<label class=\"wpforms-field-label\" for=\"wpforms-2450-field_13\" >Dongle p\u00e5 bilen.<\/label>\n\t\t\t<input type=\"text\" id=\"wpforms-2450-field_13\" class=\"wpforms-field-medium\" name=\"wpforms[fields][13]\" >\n\t\t<\/div>\n\t\t<div id=\"wpforms-2450-field_9-container\" class=\"wpforms-field wpforms-field-checkbox\" data-field-id=\"9\"><label class=\"wpforms-field-label\">\u00c4r det dynamiskt helljus p\u00e5 bilen, exempelvis LED Matrix, IQ Light, Pixel LED, Mulitbeam etc. <span class=\"wpforms-required-label\">*<\/span><\/label><ul id=\"wpforms-2450-field_9\" class=\"wpforms-field-required\" data-choice-limit=\"1\"><li class=\"choice-1 depth-1\"><input type=\"checkbox\" id=\"wpforms-2450-field_9_1\" data-rule-check-limit=\"true\" name=\"wpforms[fields][9][]\" value=\"Ja\" required ><label class=\"wpforms-field-label-inline\" for=\"wpforms-2450-field_9_1\">Ja<\/label><\/li><li class=\"choice-2 depth-1\"><input type=\"checkbox\" id=\"wpforms-2450-field_9_2\" data-rule-check-limit=\"true\" name=\"wpforms[fields][9][]\" value=\"Nej\" required ><label class=\"wpforms-field-label-inline\" for=\"wpforms-2450-field_9_2\">Nej<\/label><\/li><\/ul><\/div><div id=\"wpforms-2450-field_7-container\" class=\"wpforms-field wpforms-field-checkbox\" data-field-id=\"7\"><label class=\"wpforms-field-label\">Jag \u00e4r medveten att det inte alltid g\u00e5r att skapa ett fungerande recept. <span class=\"wpforms-required-label\">*<\/span><\/label><ul id=\"wpforms-2450-field_7\" class=\"wpforms-field-required\"><li class=\"choice-1 depth-1\"><input type=\"checkbox\" id=\"wpforms-2450-field_7_1\" name=\"wpforms[fields][7][]\" value=\"Jag f\u00f6rst\u00e5r och accepterar detta.\" required ><label class=\"wpforms-field-label-inline\" for=\"wpforms-2450-field_7_1\">Jag f\u00f6rst\u00e5r och accepterar detta.<\/label><\/li><\/ul><\/div><div id=\"wpforms-2450-field_8-container\" class=\"wpforms-field wpforms-field-checkbox\" data-field-id=\"8\"><label class=\"wpforms-field-label\">Supportfr\u00e5gor kommer inte besvaras via detta formul\u00e4r. <span class=\"wpforms-required-label\">*<\/span><\/label><ul id=\"wpforms-2450-field_8\" class=\"wpforms-field-required\"><li class=\"choice-1 depth-1\"><input type=\"checkbox\" id=\"wpforms-2450-field_8_1\" name=\"wpforms[fields][8][]\" value=\"Jag f\u00f6rst\u00e5r och accepterar detta.\" required ><label class=\"wpforms-field-label-inline\" for=\"wpforms-2450-field_8_1\">Jag f\u00f6rst\u00e5r och accepterar detta.<\/label><\/li><\/ul><\/div><script>\n\t\t\t\t( function() {\n\t\t\t\t\tconst style = document.createElement( 'style' );\n\t\t\t\t\tstyle.appendChild( document.createTextNode( '#wpforms-2450-field_13-container { position: absolute !important; overflow: hidden !important; display: inline !important; height: 1px !important; width: 1px !important; z-index: -1000 !important; padding: 0 !important; } #wpforms-2450-field_13-container input { visibility: hidden; } #wpforms-conversational-form-page #wpforms-2450-field_13-container label { counter-increment: none; }' ) );\n\t\t\t\t\tdocument.head.appendChild( style );\n\t\t\t\t\tdocument.currentScript?.remove();\n\t\t\t\t} )();\n\t\t\t<\/script><\/div><!-- .wpforms-field-container --><div class=\"wpforms-submit-container\" ><input type=\"hidden\" name=\"wpforms[id]\" value=\"2450\"><input type=\"hidden\" name=\"page_title\" value=\"\"><input type=\"hidden\" name=\"page_url\" value=\"https:\/\/www.xbb.se\/sv_se\/wp-json\/wp\/v2\/pages\/2447\"><input type=\"hidden\" name=\"url_referer\" value=\"\"><button type=\"submit\" name=\"wpforms[submit]\" id=\"wpforms-submit-2450\" class=\"wpforms-submit\" data-alt-text=\"Skickar...\" data-submit-text=\"Skicka in\" aria-live=\"assertive\" value=\"wpforms-submit\">Skicka in<\/button><img loading=\"lazy\" decoding=\"async\" src=\"https:\/\/www.xbb.se\/wp-content\/plugins\/wpforms\/assets\/images\/submit-spin.svg\" class=\"wpforms-submit-spinner\" style=\"display: none;\" width=\"26\" height=\"26\" alt=\"Laddar\"><\/div><\/form><\/div>  <!-- .wpforms-container -->","protected":false},"excerpt":{"rendered":"<p>F\u00f6r att XBB Systemet ska fungera optimalt kr\u00e4vs ett unikt recept anpassat till just din bilmodell och dess utrustningspaket. \u00c4r det s\u00e5 att du har k\u00f6pt en XBB Dongle samt testat ett antal olika recept utan att hitta ett som fungerar, kan det vara s\u00e5 att vi beh\u00f6ver skapa ett nytt recept f\u00f6r din bil. [&hellip;]<\/p>\n","protected":false},"author":4,"featured_media":0,"parent":0,"menu_order":0,"comment_status":"closed","ping_status":"closed","template":"","meta":{"_monsterinsights_skip_tracking":false,"_monsterinsights_sitenote_active":false,"_monsterinsights_sitenote_note":"","_monsterinsights_sitenote_category":0,"footnotes":""},"categories":[],"tags":[],"class_list":["post-2447","page","type-page","status-publish","hentry"],"jetpack_sharing_enabled":true,"_links":{"self":[{"href":"https:\/\/www.xbb.se\/sv_se\/wp-json\/wp\/v2\/pages\/2447","targetHints":{"allow":["GET"]}}],"collection":[{"href":"https:\/\/www.xbb.se\/sv_se\/wp-json\/wp\/v2\/pages"}],"about":[{"href":"https:\/\/www.xbb.se\/sv_se\/wp-json\/wp\/v2\/types\/page"}],"author":[{"embeddable":true,"href":"https:\/\/www.xbb.se\/sv_se\/wp-json\/wp\/v2\/users\/4"}],"replies":[{"embeddable":true,"href":"https:\/\/www.xbb.se\/sv_se\/wp-json\/wp\/v2\/comments?post=2447"}],"version-history":[{"count":47,"href":"https:\/\/www.xbb.se\/sv_se\/wp-json\/wp\/v2\/pages\/2447\/revisions"}],"predecessor-version":[{"id":2801,"href":"https:\/\/www.xbb.se\/sv_se\/wp-json\/wp\/v2\/pages\/2447\/revisions\/2801"}],"wp:attachment":[{"href":"https:\/\/www.xbb.se\/sv_se\/wp-json\/wp\/v2\/media?parent=2447"}],"wp:term":[{"taxonomy":"category","embeddable":true,"href":"https:\/\/www.xbb.se\/sv_se\/wp-json\/wp\/v2\/categories?post=2447"},{"taxonomy":"post_tag","embeddable":true,"href":"https:\/\/www.xbb.se\/sv_se\/wp-json\/wp\/v2\/tags?post=2447"}],"curies":[{"name":"wp","href":"https:\/\/api.w.org\/{rel}","templated":true}]}}