{"id":2414,"date":"2025-06-03T15:39:19","date_gmt":"2025-06-03T13:39:19","guid":{"rendered":"https:\/\/www.xbb.se\/?page_id=2414"},"modified":"2026-03-31T16:02:16","modified_gmt":"2026-03-31T14:02:16","slug":"pp-can-fd","status":"publish","type":"page","link":"https:\/\/www.xbb.se\/sv_se\/pp-can-fd\/","title":{"rendered":"PP-CAN-FD\u00ae"},"content":{"rendered":"\n<p>P\u00e5minner till det yttre om en XBB PowerUnit\u00ae men har \u00e4ven funktionerna fr\u00e5n XBB Dongle\u00ae inbyggt i samma enhet. Det inneb\u00e4r att man inte beh\u00f6ver en XBB Dongle\u00ae till de installationer d\u00e4r PP-CAN-FD\u00ae anv\u00e4nds. <\/p>\n\n\n\n<div class=\"wp-block-columns is-layout-flex wp-container-core-columns-is-layout-9d6595d7 wp-block-columns-is-layout-flex\">\n<div class=\"wp-block-column is-layout-flow wp-block-column-is-layout-flow\">\n<figure class=\"wp-block-image size-full\"><img loading=\"lazy\" decoding=\"async\" width=\"1389\" height=\"1389\" src=\"https:\/\/www.xbb.se\/wp-content\/uploads\/2025\/06\/PP-CAN-FD-4.jpg\" alt=\"\" class=\"wp-image-2421\" srcset=\"https:\/\/www.xbb.se\/wp-content\/uploads\/2025\/06\/PP-CAN-FD-4.jpg 1389w, https:\/\/www.xbb.se\/wp-content\/uploads\/2025\/06\/PP-CAN-FD-4-300x300.jpg 300w, https:\/\/www.xbb.se\/wp-content\/uploads\/2025\/06\/PP-CAN-FD-4-1024x1024.jpg 1024w, https:\/\/www.xbb.se\/wp-content\/uploads\/2025\/06\/PP-CAN-FD-4-150x150.jpg 150w, https:\/\/www.xbb.se\/wp-content\/uploads\/2025\/06\/PP-CAN-FD-4-768x768.jpg 768w, https:\/\/www.xbb.se\/wp-content\/uploads\/2025\/06\/PP-CAN-FD-4-12x12.jpg 12w, https:\/\/www.xbb.se\/wp-content\/uploads\/2025\/06\/PP-CAN-FD-4-1140x1140.jpg 1140w, https:\/\/www.xbb.se\/wp-content\/uploads\/2025\/06\/PP-CAN-FD-4-570x570.jpg 570w, https:\/\/www.xbb.se\/wp-content\/uploads\/2025\/06\/PP-CAN-FD-4-380x380.jpg 380w, https:\/\/www.xbb.se\/wp-content\/uploads\/2025\/06\/PP-CAN-FD-4-285x285.jpg 285w\" sizes=\"auto, (max-width: 1389px) 100vw, 1389px\" \/><figcaption class=\"wp-element-caption\">Art.nr : IDAB-2024-0116-1<\/figcaption><\/figure>\n<\/div>\n\n\n\n<div class=\"wp-block-column is-layout-flow wp-block-column-is-layout-flow\">\n<figure class=\"wp-block-image size-full\"><img loading=\"lazy\" decoding=\"async\" width=\"1389\" height=\"1389\" src=\"https:\/\/www.xbb.se\/wp-content\/uploads\/2025\/06\/PP-CAN-FD-5.jpg\" alt=\"\" class=\"wp-image-2423\" srcset=\"https:\/\/www.xbb.se\/wp-content\/uploads\/2025\/06\/PP-CAN-FD-5.jpg 1389w, https:\/\/www.xbb.se\/wp-content\/uploads\/2025\/06\/PP-CAN-FD-5-300x300.jpg 300w, https:\/\/www.xbb.se\/wp-content\/uploads\/2025\/06\/PP-CAN-FD-5-1024x1024.jpg 1024w, https:\/\/www.xbb.se\/wp-content\/uploads\/2025\/06\/PP-CAN-FD-5-150x150.jpg 150w, https:\/\/www.xbb.se\/wp-content\/uploads\/2025\/06\/PP-CAN-FD-5-768x768.jpg 768w, https:\/\/www.xbb.se\/wp-content\/uploads\/2025\/06\/PP-CAN-FD-5-12x12.jpg 12w, https:\/\/www.xbb.se\/wp-content\/uploads\/2025\/06\/PP-CAN-FD-5-1140x1140.jpg 1140w, https:\/\/www.xbb.se\/wp-content\/uploads\/2025\/06\/PP-CAN-FD-5-570x570.jpg 570w, https:\/\/www.xbb.se\/wp-content\/uploads\/2025\/06\/PP-CAN-FD-5-380x380.jpg 380w, https:\/\/www.xbb.se\/wp-content\/uploads\/2025\/06\/PP-CAN-FD-5-285x285.jpg 285w\" sizes=\"auto, (max-width: 1389px) 100vw, 1389px\" \/><\/figure>\n<\/div>\n\n\n\n<div class=\"wp-block-column is-layout-flow wp-block-column-is-layout-flow\">\n<figure class=\"wp-block-image size-full\"><img loading=\"lazy\" decoding=\"async\" width=\"1389\" height=\"1389\" src=\"https:\/\/www.xbb.se\/wp-content\/uploads\/2025\/06\/PP-CAN-FD-6.jpg\" alt=\"\" class=\"wp-image-2422\" srcset=\"https:\/\/www.xbb.se\/wp-content\/uploads\/2025\/06\/PP-CAN-FD-6.jpg 1389w, https:\/\/www.xbb.se\/wp-content\/uploads\/2025\/06\/PP-CAN-FD-6-300x300.jpg 300w, https:\/\/www.xbb.se\/wp-content\/uploads\/2025\/06\/PP-CAN-FD-6-1024x1024.jpg 1024w, https:\/\/www.xbb.se\/wp-content\/uploads\/2025\/06\/PP-CAN-FD-6-150x150.jpg 150w, https:\/\/www.xbb.se\/wp-content\/uploads\/2025\/06\/PP-CAN-FD-6-768x768.jpg 768w, https:\/\/www.xbb.se\/wp-content\/uploads\/2025\/06\/PP-CAN-FD-6-12x12.jpg 12w, https:\/\/www.xbb.se\/wp-content\/uploads\/2025\/06\/PP-CAN-FD-6-1140x1140.jpg 1140w, https:\/\/www.xbb.se\/wp-content\/uploads\/2025\/06\/PP-CAN-FD-6-570x570.jpg 570w, https:\/\/www.xbb.se\/wp-content\/uploads\/2025\/06\/PP-CAN-FD-6-380x380.jpg 380w, https:\/\/www.xbb.se\/wp-content\/uploads\/2025\/06\/PP-CAN-FD-6-285x285.jpg 285w\" sizes=\"auto, (max-width: 1389px) 100vw, 1389px\" \/><\/figure>\n<\/div>\n<\/div>\n\n\n\n<p>Till skillnad mot XBB Dongle\u00ae monteras PP-CAN-FD\u00ae p\u00e5 fordonens interna CAN-bus n\u00e4tverk. Installationen kr\u00e4ver d\u00e4rmed lite mera kunskap om bilelektronik d\u00e5 man kopplar in sig direkt p\u00e5 fordonets elsystem och inte i diagnosuttaget som i fallet med XBB Dongle\u00ae. <\/p>\n\n\n\n<ul class=\"wp-block-list\">\n<li>En del bilmodeller kr\u00e4ver PP-CAN-FD\u00ae ist\u00e4llet f\u00f6r XBB Dongle\u00ae. <\/li>\n\n\n\n<li>Recept till PP-CAN_FD\u00ae finner man under <a href=\"https:\/\/www.xbb.se\/sv_se\/compatible-cars\/\" target=\"_blank\" rel=\"noreferrer noopener\">Kompatibla bilmodeller<\/a>&nbsp;\u2192 PP-CAN. <\/li>\n\n\n\n<li>Passar \u00e4ven dig som inte vill\/kan ha n\u00e5got monterat i diagnosuttaget.<\/li>\n\n\n\n<li>Finns \u00e4ven ett anpassat kablage framtaget av oss. <a href=\"https:\/\/www.xbb.se\/sv_se\/cableharness\/\">L\u00e4nk<\/a><\/li>\n<\/ul>\n\n\n\n<p>P\u00e5 varje PP-CAN-FD\u00ae finns det 2 st utg\u00e5ngar som klarar av 10A per utg\u00e5ng men kan \u00e4ven koppla ihop utg\u00e5ngarna f\u00f6r att ta ut 20A. Enheten har \u00e4ven en analog ing\u00e5ng p\u00e5 Pin 4 som kan anv\u00e4ndas f\u00f6r bland annat manuellt tillslag av utg\u00e5ngarna.<\/p>\n\n\n\n<p>Enheter \u00e4r ocks\u00e5 helt ingjuten vilket inneb\u00e4r att den klarar av tuffare milj\u00f6er \u00e4n en vanlig XBB PowerUnit\u00ae.<\/p>\n\n\n\n<p>Du kan ansluta upp till 4 st XBB PowerUnit\u00ae till en PP-CAN-FD\u00ae enhet om det inte r\u00e4cker med de tv\u00e5 inbyggda utg\u00e5ngarna. Sj\u00e4lvklart g\u00e5r det \u00e4ven att l\u00e4gga till v\u00e5r XBB PowerUnit 6\u00ae eller en styck XBB Smart Button\u00ae om man vill det.<\/p>\n\n\n\n<ul class=\"wp-block-list\">\n<li><a href=\"https:\/\/www.xbb.se\/wp-content\/uploads\/2025\/10\/DATASHEET-XBB-PP-CAN-FD-EN-20240905-1.pdf\" target=\"_blank\" rel=\"noreferrer noopener\">Datablad PP-CAN-FD\u00ae<\/a><\/li>\n<\/ul>\n","protected":false},"excerpt":{"rendered":"<p>P\u00e5minner till det yttre om en XBB PowerUnit\u00ae men har \u00e4ven funktionerna fr\u00e5n XBB Dongle\u00ae inbyggt i samma enhet. Det inneb\u00e4r att man inte beh\u00f6ver en XBB Dongle\u00ae till de installationer d\u00e4r PP-CAN-FD\u00ae anv\u00e4nds. Till skillnad mot XBB Dongle\u00ae monteras PP-CAN-FD\u00ae p\u00e5 fordonens interna CAN-bus n\u00e4tverk. Installationen kr\u00e4ver d\u00e4rmed lite mera kunskap om bilelektronik d\u00e5 [&hellip;]<\/p>\n","protected":false},"author":4,"featured_media":0,"parent":0,"menu_order":0,"comment_status":"closed","ping_status":"closed","template":"","meta":{"_monsterinsights_skip_tracking":false,"_monsterinsights_sitenote_active":false,"_monsterinsights_sitenote_note":"","_monsterinsights_sitenote_category":0,"footnotes":""},"categories":[],"tags":[12,13,11,5,14],"class_list":["post-2414","page","type-page","status-publish","hentry","tag-dl1200","tag-modernum","tag-pp-can-fd","tag-xbb","tag-xbb-system"],"jetpack_sharing_enabled":true,"_links":{"self":[{"href":"https:\/\/www.xbb.se\/sv_se\/wp-json\/wp\/v2\/pages\/2414","targetHints":{"allow":["GET"]}}],"collection":[{"href":"https:\/\/www.xbb.se\/sv_se\/wp-json\/wp\/v2\/pages"}],"about":[{"href":"https:\/\/www.xbb.se\/sv_se\/wp-json\/wp\/v2\/types\/page"}],"author":[{"embeddable":true,"href":"https:\/\/www.xbb.se\/sv_se\/wp-json\/wp\/v2\/users\/4"}],"replies":[{"embeddable":true,"href":"https:\/\/www.xbb.se\/sv_se\/wp-json\/wp\/v2\/comments?post=2414"}],"version-history":[{"count":12,"href":"https:\/\/www.xbb.se\/sv_se\/wp-json\/wp\/v2\/pages\/2414\/revisions"}],"predecessor-version":[{"id":2908,"href":"https:\/\/www.xbb.se\/sv_se\/wp-json\/wp\/v2\/pages\/2414\/revisions\/2908"}],"wp:attachment":[{"href":"https:\/\/www.xbb.se\/sv_se\/wp-json\/wp\/v2\/media?parent=2414"}],"wp:term":[{"taxonomy":"category","embeddable":true,"href":"https:\/\/www.xbb.se\/sv_se\/wp-json\/wp\/v2\/categories?post=2414"},{"taxonomy":"post_tag","embeddable":true,"href":"https:\/\/www.xbb.se\/sv_se\/wp-json\/wp\/v2\/tags?post=2414"}],"curies":[{"name":"wp","href":"https:\/\/api.w.org\/{rel}","templated":true}]}}