{"id":2332,"date":"2025-01-16T12:03:21","date_gmt":"2025-01-16T10:03:21","guid":{"rendered":"https:\/\/www.xbb.se\/?page_id=2332"},"modified":"2025-09-26T09:31:56","modified_gmt":"2025-09-26T07:31:56","slug":"adapterkablage","status":"publish","type":"page","link":"https:\/\/www.xbb.se\/sv_se\/adapterkablage\/","title":{"rendered":"Adapterkablage f\u00f6r XBB Dongle"},"content":{"rendered":"\n<p>Adapterkablaget kr\u00e4vs f\u00f6r kunna montera en standard XBB Dongle\u00ae p\u00e5 bilmodeller som bygger p\u00e5 Mercedes nya <a href=\"https:\/\/en.wikipedia.org\/wiki\/Mercedes-Benz_MRA_platform#Second_generation_MRA2\" target=\"_blank\" rel=\"noreferrer noopener\">MRA2 plattform<\/a>. P\u00e5 dessa bilmodeller g\u00e5r det inte att ansluta XBB Dongle\u00ae p\u00e5 traditionellt s\u00e4tt i bilens diagnosuttag (OBD2-kontakt). I st\u00e4llet m\u00e5ste XBB Dongle\u00ae anslutas till det interna CAN-bus n\u00e4tverket. Recepten till dessa modeller hittar du under PP-CAN f\u00f6r tillf\u00e4llet.<\/p>\n\n\n<div class=\"wp-block-image\">\n<figure class=\"aligncenter size-full is-resized\"><img loading=\"lazy\" decoding=\"async\" width=\"500\" height=\"500\" src=\"http:\/\/www.xbb.se\/wp-content\/uploads\/2025\/01\/Adapterkablage-500px.jpg\" alt=\"\" class=\"wp-image-2326\" style=\"width:270px;height:auto\" srcset=\"https:\/\/www.xbb.se\/wp-content\/uploads\/2025\/01\/Adapterkablage-500px.jpg 500w, https:\/\/www.xbb.se\/wp-content\/uploads\/2025\/01\/Adapterkablage-500px-300x300.jpg 300w, https:\/\/www.xbb.se\/wp-content\/uploads\/2025\/01\/Adapterkablage-500px-150x150.jpg 150w, https:\/\/www.xbb.se\/wp-content\/uploads\/2025\/01\/Adapterkablage-500px-12x12.jpg 12w, https:\/\/www.xbb.se\/wp-content\/uploads\/2025\/01\/Adapterkablage-500px-380x380.jpg 380w, https:\/\/www.xbb.se\/wp-content\/uploads\/2025\/01\/Adapterkablage-500px-285x285.jpg 285w\" sizes=\"auto, (max-width: 500px) 100vw, 500px\" \/><figcaption class=\"wp-element-caption\">Art.nr: IDAB-2025-0113-1<\/figcaption><\/figure>\n<\/div>\n\n\n<p>Denna typ av installationen \u00e4r betydligt mer avancerad \u00e4n en vanlig XBB Dongle\u00ae installation och vi rekommenderar d\u00e4rf\u00f6r starkt att man \u00f6verl\u00e5ter den till en fordonsp\u00e5byggare eller bilverkstad som har korrekta verktyg och god k\u00e4nnedom om fordonselektronik.<\/p>\n\n\n\n<p><strong>OBS! <\/strong><br>F\u00f6rutom Adapterkablaget (Art.nr: IDAB-2025-0113-1) kr\u00e4vs \u00e4ven r\u00e4tt h\u00e5rdvaruversion p\u00e5 din XBB Dongle\u00ae. Den m\u00e5ste ha st\u00f6d f\u00f6r CAN-FD, vilket finns fr\u00e5n och med h\u00e5rdvarumodell XBB Dongle 2. Denna version har tillverkats och levererats sedan juni 2024..<\/p>\n\n\n\n<p><strong>Vilken version din XBB Dongle har ser du i appen under inst\u00e4llningarna f\u00f6r XBB Dongle\u00ae.<\/strong><br>Klicka p\u00e5 Om XBB Dongle, modellen skall vara XBB-Dongle-2, se bilderna nedan.<\/p>\n\n\n\n<div class=\"wp-block-columns are-vertically-aligned-center is-layout-flex wp-container-core-columns-is-layout-9d6595d7 wp-block-columns-is-layout-flex\">\n<div class=\"wp-block-column is-vertically-aligned-center is-layout-flow wp-block-column-is-layout-flow\"><div class=\"wp-block-image\">\n<figure class=\"aligncenter size-large is-resized\"><img loading=\"lazy\" decoding=\"async\" width=\"473\" height=\"1024\" src=\"https:\/\/www.xbb.se\/wp-content\/uploads\/2025\/09\/Screenshot_20250908_092956_XBB-473x1024.jpg\" alt=\"\" class=\"wp-image-2484\" style=\"width:276px;height:auto\" srcset=\"https:\/\/www.xbb.se\/wp-content\/uploads\/2025\/09\/Screenshot_20250908_092956_XBB-473x1024.jpg 473w, https:\/\/www.xbb.se\/wp-content\/uploads\/2025\/09\/Screenshot_20250908_092956_XBB-138x300.jpg 138w, https:\/\/www.xbb.se\/wp-content\/uploads\/2025\/09\/Screenshot_20250908_092956_XBB-768x1664.jpg 768w, https:\/\/www.xbb.se\/wp-content\/uploads\/2025\/09\/Screenshot_20250908_092956_XBB-709x1536.jpg 709w, https:\/\/www.xbb.se\/wp-content\/uploads\/2025\/09\/Screenshot_20250908_092956_XBB-945x2048.jpg 945w, https:\/\/www.xbb.se\/wp-content\/uploads\/2025\/09\/Screenshot_20250908_092956_XBB-6x12.jpg 6w, https:\/\/www.xbb.se\/wp-content\/uploads\/2025\/09\/Screenshot_20250908_092956_XBB.jpg 1080w\" sizes=\"auto, (max-width: 473px) 100vw, 473px\" \/><\/figure>\n<\/div><\/div>\n\n\n\n<div class=\"wp-block-column is-vertically-aligned-center is-layout-flow wp-block-column-is-layout-flow\"><div class=\"wp-block-image\">\n<figure class=\"aligncenter size-large is-resized\"><img loading=\"lazy\" decoding=\"async\" width=\"473\" height=\"1024\" src=\"https:\/\/www.xbb.se\/wp-content\/uploads\/2025\/09\/Screenshot_20250908_093002_XBB-473x1024.jpg\" alt=\"\" class=\"wp-image-2485\" style=\"width:275px;height:auto\" srcset=\"https:\/\/www.xbb.se\/wp-content\/uploads\/2025\/09\/Screenshot_20250908_093002_XBB-473x1024.jpg 473w, https:\/\/www.xbb.se\/wp-content\/uploads\/2025\/09\/Screenshot_20250908_093002_XBB-138x300.jpg 138w, https:\/\/www.xbb.se\/wp-content\/uploads\/2025\/09\/Screenshot_20250908_093002_XBB-768x1664.jpg 768w, https:\/\/www.xbb.se\/wp-content\/uploads\/2025\/09\/Screenshot_20250908_093002_XBB-709x1536.jpg 709w, https:\/\/www.xbb.se\/wp-content\/uploads\/2025\/09\/Screenshot_20250908_093002_XBB-945x2048.jpg 945w, https:\/\/www.xbb.se\/wp-content\/uploads\/2025\/09\/Screenshot_20250908_093002_XBB-6x12.jpg 6w, https:\/\/www.xbb.se\/wp-content\/uploads\/2025\/09\/Screenshot_20250908_093002_XBB.jpg 1080w\" sizes=\"auto, (max-width: 473px) 100vw, 473px\" \/><\/figure>\n<\/div><\/div>\n<\/div>\n\n\n\n<div style=\"height:50px\" aria-hidden=\"true\" class=\"wp-block-spacer\"><\/div>\n\n\n\n<h2 class=\"wp-block-heading\">Monteringsbeskrivning<\/h2>\n\n\n\n<ul class=\"wp-block-list\">\n<li><a href=\"https:\/\/www.xbb.se\/wp-content\/uploads\/2025\/02\/NEW_Installationsmanual-Mercedes-CAN-FD-Plattform-1.pdf\" target=\"_blank\" rel=\"noreferrer noopener\">Monteringsmanual Mercedes C\/GLC Rev. 2<\/a> (Svensk text)<\/li>\n\n\n\n<li>Recept till MRA2 plattformen hittar du under PP-CAN.<\/li>\n<\/ul>\n\n\n\n<p><\/p>\n","protected":false},"excerpt":{"rendered":"<p>Adapterkablaget kr\u00e4vs f\u00f6r kunna montera en standard XBB Dongle\u00ae p\u00e5 bilmodeller som bygger p\u00e5 Mercedes nya MRA2 plattform. P\u00e5 dessa bilmodeller g\u00e5r det inte att ansluta XBB Dongle\u00ae p\u00e5 traditionellt s\u00e4tt i bilens diagnosuttag (OBD2-kontakt). I st\u00e4llet m\u00e5ste XBB Dongle\u00ae anslutas till det interna CAN-bus n\u00e4tverket. Recepten till dessa modeller hittar du under PP-CAN f\u00f6r [&hellip;]<\/p>\n","protected":false},"author":4,"featured_media":0,"parent":0,"menu_order":0,"comment_status":"closed","ping_status":"closed","template":"","meta":{"_monsterinsights_skip_tracking":false,"_monsterinsights_sitenote_active":false,"_monsterinsights_sitenote_note":"","_monsterinsights_sitenote_category":0,"footnotes":""},"categories":[],"tags":[],"class_list":["post-2332","page","type-page","status-publish","hentry"],"jetpack_sharing_enabled":true,"_links":{"self":[{"href":"https:\/\/www.xbb.se\/sv_se\/wp-json\/wp\/v2\/pages\/2332","targetHints":{"allow":["GET"]}}],"collection":[{"href":"https:\/\/www.xbb.se\/sv_se\/wp-json\/wp\/v2\/pages"}],"about":[{"href":"https:\/\/www.xbb.se\/sv_se\/wp-json\/wp\/v2\/types\/page"}],"author":[{"embeddable":true,"href":"https:\/\/www.xbb.se\/sv_se\/wp-json\/wp\/v2\/users\/4"}],"replies":[{"embeddable":true,"href":"https:\/\/www.xbb.se\/sv_se\/wp-json\/wp\/v2\/comments?post=2332"}],"version-history":[{"count":43,"href":"https:\/\/www.xbb.se\/sv_se\/wp-json\/wp\/v2\/pages\/2332\/revisions"}],"predecessor-version":[{"id":2557,"href":"https:\/\/www.xbb.se\/sv_se\/wp-json\/wp\/v2\/pages\/2332\/revisions\/2557"}],"wp:attachment":[{"href":"https:\/\/www.xbb.se\/sv_se\/wp-json\/wp\/v2\/media?parent=2332"}],"wp:term":[{"taxonomy":"category","embeddable":true,"href":"https:\/\/www.xbb.se\/sv_se\/wp-json\/wp\/v2\/categories?post=2332"},{"taxonomy":"post_tag","embeddable":true,"href":"https:\/\/www.xbb.se\/sv_se\/wp-json\/wp\/v2\/tags?post=2332"}],"curies":[{"name":"wp","href":"https:\/\/api.w.org\/{rel}","templated":true}]}}