{"id":2233,"date":"2024-11-27T16:27:43","date_gmt":"2024-11-27T14:27:43","guid":{"rendered":"https:\/\/www.xbb.se\/?page_id=2233"},"modified":"2026-03-27T00:20:16","modified_gmt":"2026-03-26T22:20:16","slug":"dashboard","status":"publish","type":"page","link":"https:\/\/www.xbb.se\/sv_se\/dashboard\/","title":{"rendered":"Dashboard"},"content":{"rendered":"\n<p class=\"has-text-align-center\"><strong>Sidan under uppbygg<\/strong><\/p>\n\n\n\n<p>OBS! Dashboard-funktionen \u00e4r \u00e4n s\u00e5 l\u00e4nge en avancerad funktion och inte helt enkel att f\u00f6rst\u00e5 f\u00f6r den oinvigde. <\/p>\n\n\n\n<p>OBS! Anv\u00e4nd <strong>inte <\/strong>funktionen f\u00f6rens<strong> <\/strong>du har hittat ett recept som fungerar till din bil och du har f\u00e5tt din belysning att fungera till 100%.<\/p>\n\n\n\n<p>XBB Dashboard\u00ae \u00e4r en inbyggd funktion i appen XBB Configurator\u00ae som l\u00e5ter dig skapa en egen virtuell knapp-panel i appen. Med hj\u00e4lp av den kan du ocks\u00e5 v\u00e4lja att kontrollera de olika utg\u00e5ngarna, se aktuella v\u00e4rden i bilen som t.ex. batterisp\u00e4nning mm. Du har \u00e4ven m\u00f6jlighet att l\u00e4gga till blixtljusfunktion, PWM-styra utg\u00e5ngar mm. De olika knapparna i appen kan konfigureras p\u00e5 s\u00e5 s\u00e4tt att du kan byta symboler, \u00e4ndra f\u00e4rger mm i appen.<\/p>\n\n\n\n<p>OBS! Funktionen XBB Dashboard\u00ae \u00e4r under utveckling och en hel del \u00e5terst\u00e5r f\u00f6r att g\u00f6ra den mer anv\u00e4ndarv\u00e4nlig s\u00e5 har t\u00e5lamod. Den kommer bli grym!<\/p>\n\n\n\n<div class=\"wp-block-columns is-layout-flex wp-container-core-columns-is-layout-9d6595d7 wp-block-columns-is-layout-flex\">\n<div class=\"wp-block-column is-layout-flow wp-block-column-is-layout-flow\">\n<figure class=\"wp-block-image size-full\"><img loading=\"lazy\" decoding=\"async\" width=\"800\" height=\"450\" src=\"http:\/\/www.xbb.se\/wp-content\/uploads\/2024\/11\/Dashboard_800px.jpg\" alt=\"\" class=\"wp-image-2159\" srcset=\"https:\/\/www.xbb.se\/wp-content\/uploads\/2024\/11\/Dashboard_800px.jpg 800w, https:\/\/www.xbb.se\/wp-content\/uploads\/2024\/11\/Dashboard_800px-300x169.jpg 300w, https:\/\/www.xbb.se\/wp-content\/uploads\/2024\/11\/Dashboard_800px-768x432.jpg 768w, https:\/\/www.xbb.se\/wp-content\/uploads\/2024\/11\/Dashboard_800px-18x10.jpg 18w\" sizes=\"auto, (max-width: 800px) 100vw, 800px\" \/><\/figure>\n<\/div>\n\n\n\n<div class=\"wp-block-column is-layout-flow wp-block-column-is-layout-flow\">\n<figure class=\"wp-block-image size-large is-resized\"><img loading=\"lazy\" decoding=\"async\" width=\"473\" height=\"1024\" src=\"https:\/\/www.xbb.se\/wp-content\/uploads\/2024\/11\/Dashboard_Tesla-473x1024.jpg\" alt=\"\" class=\"wp-image-2237\" style=\"width:188px;height:auto\" srcset=\"https:\/\/www.xbb.se\/wp-content\/uploads\/2024\/11\/Dashboard_Tesla-473x1024.jpg 473w, https:\/\/www.xbb.se\/wp-content\/uploads\/2024\/11\/Dashboard_Tesla-138x300.jpg 138w, https:\/\/www.xbb.se\/wp-content\/uploads\/2024\/11\/Dashboard_Tesla-768x1664.jpg 768w, https:\/\/www.xbb.se\/wp-content\/uploads\/2024\/11\/Dashboard_Tesla-709x1536.jpg 709w, https:\/\/www.xbb.se\/wp-content\/uploads\/2024\/11\/Dashboard_Tesla-945x2048.jpg 945w, https:\/\/www.xbb.se\/wp-content\/uploads\/2024\/11\/Dashboard_Tesla-6x12.jpg 6w, https:\/\/www.xbb.se\/wp-content\/uploads\/2024\/11\/Dashboard_Tesla.jpg 1080w\" sizes=\"auto, (max-width: 473px) 100vw, 473px\" \/><\/figure>\n<\/div>\n\n\n\n<div class=\"wp-block-column is-layout-flow wp-block-column-is-layout-flow\"><\/div>\n<\/div>\n\n\n\n<p><\/p>\n","protected":false},"excerpt":{"rendered":"<p>Sidan under uppbygg OBS! Dashboard-funktionen \u00e4r \u00e4n s\u00e5 l\u00e4nge en avancerad funktion och inte helt enkel att f\u00f6rst\u00e5 f\u00f6r den oinvigde. OBS! Anv\u00e4nd inte funktionen f\u00f6rens du har hittat ett recept som fungerar till din bil och du har f\u00e5tt din belysning att fungera till 100%. XBB Dashboard\u00ae \u00e4r en inbyggd funktion i appen XBB [&hellip;]<\/p>\n","protected":false},"author":4,"featured_media":0,"parent":0,"menu_order":0,"comment_status":"closed","ping_status":"closed","template":"","meta":{"_monsterinsights_skip_tracking":false,"_monsterinsights_sitenote_active":false,"_monsterinsights_sitenote_note":"","_monsterinsights_sitenote_category":0,"footnotes":""},"categories":[],"tags":[],"class_list":["post-2233","page","type-page","status-publish","hentry"],"jetpack_sharing_enabled":true,"_links":{"self":[{"href":"https:\/\/www.xbb.se\/sv_se\/wp-json\/wp\/v2\/pages\/2233","targetHints":{"allow":["GET"]}}],"collection":[{"href":"https:\/\/www.xbb.se\/sv_se\/wp-json\/wp\/v2\/pages"}],"about":[{"href":"https:\/\/www.xbb.se\/sv_se\/wp-json\/wp\/v2\/types\/page"}],"author":[{"embeddable":true,"href":"https:\/\/www.xbb.se\/sv_se\/wp-json\/wp\/v2\/users\/4"}],"replies":[{"embeddable":true,"href":"https:\/\/www.xbb.se\/sv_se\/wp-json\/wp\/v2\/comments?post=2233"}],"version-history":[{"count":16,"href":"https:\/\/www.xbb.se\/sv_se\/wp-json\/wp\/v2\/pages\/2233\/revisions"}],"predecessor-version":[{"id":2883,"href":"https:\/\/www.xbb.se\/sv_se\/wp-json\/wp\/v2\/pages\/2233\/revisions\/2883"}],"wp:attachment":[{"href":"https:\/\/www.xbb.se\/sv_se\/wp-json\/wp\/v2\/media?parent=2233"}],"wp:term":[{"taxonomy":"category","embeddable":true,"href":"https:\/\/www.xbb.se\/sv_se\/wp-json\/wp\/v2\/categories?post=2233"},{"taxonomy":"post_tag","embeddable":true,"href":"https:\/\/www.xbb.se\/sv_se\/wp-json\/wp\/v2\/tags?post=2233"}],"curies":[{"name":"wp","href":"https:\/\/api.w.org\/{rel}","templated":true}]}}