{"id":2153,"date":"2024-11-27T13:20:03","date_gmt":"2024-11-27T11:20:03","guid":{"rendered":"https:\/\/www.xbb.se\/?page_id=2153"},"modified":"2026-01-23T12:22:42","modified_gmt":"2026-01-23T10:22:42","slug":"xbb-powerunit-6","status":"publish","type":"page","link":"https:\/\/www.xbb.se\/sv_se\/xbb-powerunit-6\/","title":{"rendered":"XBB PowerUnit 6\u00ae"},"content":{"rendered":"\n<h2 class=\"wp-block-heading\">Om<\/h2>\n\n\n\n<div class=\"wp-block-columns is-layout-flex wp-container-core-columns-is-layout-9d6595d7 wp-block-columns-is-layout-flex\">\n<div class=\"wp-block-column is-layout-flow wp-block-column-is-layout-flow\" style=\"flex-basis:33.33%\">\n<ul class=\"wp-block-list\">\n<li>M\u00f6jlighet till 6 st funktioner i samma enhet.<\/li>\n\n\n\n<li>6 st utg\u00e5ngar \u00e1 10 Ampere.<\/li>\n\n\n\n<li>M\u00f6jlighet att koppla ihop flera utg\u00e5ngar f\u00f6r mer effekt.<\/li>\n\n\n\n<li>Flatstift 6,3 x 10 st<\/li>\n\n\n\n<li>Rel\u00e4anslutning enl. ISO 8092-1<\/li>\n\n\n\n<li>F\u00e4st\u00f6ron f\u00f6r enkelt montage<\/li>\n\n\n\n<li>Ansluts till XBB Dongle\u00ae eller PP-CAN-FD\u00ae.<\/li>\n<\/ul>\n<\/div>\n\n\n\n<div class=\"wp-block-column is-layout-flow wp-block-column-is-layout-flow\" style=\"flex-basis:66.66%\"><div class=\"wp-block-image\">\n<figure class=\"aligncenter size-full is-resized\"><img loading=\"lazy\" decoding=\"async\" width=\"889\" height=\"500\" src=\"https:\/\/www.xbb.se\/wp-content\/uploads\/2025\/01\/PowerUnit6-500px-16.9.jpg\" alt=\"\" class=\"wp-image-2341\" style=\"width:434px;height:auto\" srcset=\"https:\/\/www.xbb.se\/wp-content\/uploads\/2025\/01\/PowerUnit6-500px-16.9.jpg 889w, https:\/\/www.xbb.se\/wp-content\/uploads\/2025\/01\/PowerUnit6-500px-16.9-300x169.jpg 300w, https:\/\/www.xbb.se\/wp-content\/uploads\/2025\/01\/PowerUnit6-500px-16.9-768x432.jpg 768w, https:\/\/www.xbb.se\/wp-content\/uploads\/2025\/01\/PowerUnit6-500px-16.9-18x10.jpg 18w\" sizes=\"auto, (max-width: 889px) 100vw, 889px\" \/><figcaption class=\"wp-element-caption\">Art.nr: IDAB-2024-0610-1<br><mark style=\"background-color:rgba(0, 0, 0, 0)\" class=\"has-inline-color has-cyan-bluish-gray-color\">Tidigare art.nr: IDAB-2023-0913-1<\/mark><\/figcaption><\/figure>\n<\/div><\/div>\n<\/div>\n\n\n\n<h2 class=\"wp-block-heading\">Beskrivning<\/h2>\n\n\n\n<p>V\u00e5r XBB PowerUnit 6\u00ae \u00e4r ett bra alternativ f\u00f6r dig som fordonsp\u00e5byggare som vill ha en enkel installation utan att beh\u00f6va riva massa inredningen i fordonet f\u00f6r att sen tjuva in sig p\u00e5 olika signalkablar. <br><br>Den passar ocks\u00e5 bra f\u00f6r dig som har m\u00e5nga lampor\/ramper p\u00e5 bilen och kanske vill ha m\u00f6jligheten att styra de olika lamporna eller positionsljusen individuellt. Precis som med den vanliga XBB PowerUnit\u00ae kan du ansluta 4 st enheter till en XBB Dongle och p\u00e5 s\u00e5 s\u00e4tt f\u00e5 hela 24 st utg\u00e5ngar att jobba med om s\u00e5 skulle beh\u00f6vas.<br><br>F\u00f6r att fungera beh\u00f6ver XBB PowerUnit 6\u00ae anslutas till antingen en XBB Dongle\u00ae eller v\u00e5r produkt PP-CAN-FD\u00ae. B\u00e5da dessa produkter fungerar p\u00e5 s\u00e5 s\u00e4tt att dem lyssnar p\u00e5 bilens CAN-bus data och vet p\u00e5 s\u00e5 s\u00e4tt vilka funktioner som aktiveras i bilen, t.ex. helljus, backljus, t\u00e4ndning mm.<br><br>Signalerna skickas sedan via Bluetooth (BLE 5) vidare till din XBB PowerUnit\u00ae produkt som aktiverar de olika utg\u00e5ngarna beroende p\u00e5 hur du har konfigurerat XBB PowerUnit\u00ae i appen.<br><br>Beroende p\u00e5 vilket recept du valt i appen s\u00e5 finns det olika signaler att tillg\u00e5, se listan med kompatibla bilmodeller. <br>Gl\u00f6m inte att alla installationer b\u00f6rjar med att man installerar XBB Dongle\u00ae och hittar ett fungerande recept!<\/p>\n\n\n\n<p><strong>Fler s\u00e4tt att styra din XBB PowerUnit\u00ae<\/strong><br>XBB Dashboard \u00e4r en inbyggd funktion i appen XBB Configurator\u00ae som l\u00e5ter dig skapa en egen virtuell knapp-panel i appen. Med hj\u00e4lp av den kan du ocks\u00e5 v\u00e4lja att kontrollera de olika utg\u00e5ngarna, se aktuella v\u00e4rden i bilen som t.ex. batterisp\u00e4nning mm. <br><br>Du har \u00e4ven m\u00f6jlighet att l\u00e4gga till blixtljusfunktion, PWM-styra utg\u00e5ngar mm. De olika knapparna i appen kan konfigureras p\u00e5 s\u00e5 s\u00e4tt att du kan byta symboler, \u00e4ndra f\u00e4rger mm i appen.<\/p>\n\n\n\n<p>OBS! Funktionen XBB Dashboard\u00ae \u00e4r under utveckling och en hel del \u00e5terst\u00e5r f\u00f6r att g\u00f6ra den mer anv\u00e4ndarv\u00e4nlig s\u00e5 har t\u00e5lamod. Den kommer bli grym!<\/p>\n\n\n<div class=\"wp-block-image\">\n<figure class=\"aligncenter size-full\"><img loading=\"lazy\" decoding=\"async\" width=\"800\" height=\"450\" src=\"https:\/\/www.xbb.se\/wp-content\/uploads\/2024\/11\/Dashboard_800px.jpg\" alt=\"\" class=\"wp-image-2159\" srcset=\"https:\/\/www.xbb.se\/wp-content\/uploads\/2024\/11\/Dashboard_800px.jpg 800w, https:\/\/www.xbb.se\/wp-content\/uploads\/2024\/11\/Dashboard_800px-300x169.jpg 300w, https:\/\/www.xbb.se\/wp-content\/uploads\/2024\/11\/Dashboard_800px-768x432.jpg 768w, https:\/\/www.xbb.se\/wp-content\/uploads\/2024\/11\/Dashboard_800px-18x10.jpg 18w\" sizes=\"auto, (max-width: 800px) 100vw, 800px\" \/><figcaption class=\"wp-element-caption\">Exempel p\u00e5 en v\u00e4l tilltagen panel. <\/figcaption><\/figure>\n<\/div>\n\n\n<hr class=\"wp-block-separator has-alpha-channel-opacity\"\/>\n\n\n\n<h2 class=\"wp-block-heading\">Kopplingsexempel mm.<\/h2>\n\n\n\n<ul class=\"wp-block-list\">\n<li><a href=\"https:\/\/www.xbb.se\/wp-content\/uploads\/2026\/01\/DATASHEET-XBB-PU6-example-connectionEN-20241127-2.pdf\" target=\"_blank\" rel=\"noreferrer noopener\">Kopplingsexempel Ver 1.2<\/a><\/li>\n\n\n\n<li><a href=\"https:\/\/www.xbb.se\/wp-content\/uploads\/2026\/01\/DATASHEET-XBB-PU6-example-connectionEN-20240604-2.pdf\" target=\"_blank\" rel=\"noreferrer noopener\">Kopplingsexempel Ver 1.1<\/a><\/li>\n\n\n\n<li><a href=\"https:\/\/www.xbb.se\/wp-content\/uploads\/2026\/01\/DATASHEET-XBB-PowerUnit-6-EN-20241127-1.pdf\" target=\"_blank\" rel=\"noreferrer noopener\">Datablad  XBB PowerUnit 6\u00ae Ver 1.2<\/a><\/li>\n<\/ul>\n\n\n\n<hr class=\"wp-block-separator has-alpha-channel-opacity\"\/>\n\n\n\n<h2 class=\"wp-block-heading\">Support<\/h2>\n\n\n\n<p><strong>OBS!<\/strong>&nbsp;<strong>Kontakta i f\u00f6rsta hand \u00e5terf\u00f6rs\u00e4ljaren d\u00e4r ni k\u00f6pte erat XBB System!<\/strong><\/p>\n\n\n\n<p><strong>Tips<\/strong>. Genom att f\u00f6lja v\u00e5r&nbsp;<a href=\"https:\/\/www.xbb.se\/sv_se\/snabbguide\/\" target=\"_blank\" rel=\"noreferrer noopener\"><strong>Installationsguide<\/strong>&nbsp;<\/a>fr\u00e5n b\u00f6rjan till slut undviker ni de flesta bekymmer som kan dyka upp. Beh\u00f6ver ni snabb hj\u00e4lp s\u00e5 s\u00f6k i v\u00e5r&nbsp;<a href=\"https:\/\/www.xbb.se\/sv_se\/faq\/\" target=\"_blank\" rel=\"noreferrer noopener\"><strong>FAQ<\/strong>&nbsp;<\/a>. Vi har \u00e4ven flera <a href=\"https:\/\/www.xbb.se\/sv_se\/filmer\/\"><strong>instruktionsfilmer <\/strong><\/a>du kan ta del av. L\u00e4nken hittar du i supportmenyn h\u00f6gst upp.<\/p>\n\n\n\n<p><\/p>\n","protected":false},"excerpt":{"rendered":"<p>Om Beskrivning V\u00e5r XBB PowerUnit 6\u00ae \u00e4r ett bra alternativ f\u00f6r dig som fordonsp\u00e5byggare som vill ha en enkel installation utan att beh\u00f6va riva massa inredningen i fordonet f\u00f6r att sen tjuva in sig p\u00e5 olika signalkablar. Den passar ocks\u00e5 bra f\u00f6r dig som har m\u00e5nga lampor\/ramper p\u00e5 bilen och kanske vill ha m\u00f6jligheten att [&hellip;]<\/p>\n","protected":false},"author":4,"featured_media":0,"parent":0,"menu_order":0,"comment_status":"closed","ping_status":"closed","template":"","meta":{"_monsterinsights_skip_tracking":false,"_monsterinsights_sitenote_active":false,"_monsterinsights_sitenote_note":"","_monsterinsights_sitenote_category":0,"footnotes":""},"categories":[],"tags":[],"class_list":["post-2153","page","type-page","status-publish","hentry"],"jetpack_sharing_enabled":true,"_links":{"self":[{"href":"https:\/\/www.xbb.se\/sv_se\/wp-json\/wp\/v2\/pages\/2153","targetHints":{"allow":["GET"]}}],"collection":[{"href":"https:\/\/www.xbb.se\/sv_se\/wp-json\/wp\/v2\/pages"}],"about":[{"href":"https:\/\/www.xbb.se\/sv_se\/wp-json\/wp\/v2\/types\/page"}],"author":[{"embeddable":true,"href":"https:\/\/www.xbb.se\/sv_se\/wp-json\/wp\/v2\/users\/4"}],"replies":[{"embeddable":true,"href":"https:\/\/www.xbb.se\/sv_se\/wp-json\/wp\/v2\/comments?post=2153"}],"version-history":[{"count":55,"href":"https:\/\/www.xbb.se\/sv_se\/wp-json\/wp\/v2\/pages\/2153\/revisions"}],"predecessor-version":[{"id":2833,"href":"https:\/\/www.xbb.se\/sv_se\/wp-json\/wp\/v2\/pages\/2153\/revisions\/2833"}],"wp:attachment":[{"href":"https:\/\/www.xbb.se\/sv_se\/wp-json\/wp\/v2\/media?parent=2153"}],"wp:term":[{"taxonomy":"category","embeddable":true,"href":"https:\/\/www.xbb.se\/sv_se\/wp-json\/wp\/v2\/categories?post=2153"},{"taxonomy":"post_tag","embeddable":true,"href":"https:\/\/www.xbb.se\/sv_se\/wp-json\/wp\/v2\/tags?post=2153"}],"curies":[{"name":"wp","href":"https:\/\/api.w.org\/{rel}","templated":true}]}}