{"id":2081,"date":"2024-10-03T11:28:25","date_gmt":"2024-10-03T09:28:25","guid":{"rendered":"https:\/\/www.xbb.se\/?page_id=2081"},"modified":"2024-10-11T15:45:51","modified_gmt":"2024-10-11T13:45:51","slug":"compatible-cars","status":"publish","type":"page","link":"https:\/\/www.xbb.se\/sv_se\/compatible-cars\/","title":{"rendered":"Kompatibla bilmodeller (Recept)"},"content":{"rendered":"\n<p><strong>OBS! <\/strong>Om din bils utrustning som ex. belysning, v\u00e4xell\u00e5da, facelift etc. skiljer sig mot beskrivningen i receptet beh\u00f6ver man testa med en XBB Dongle\u00ae f\u00f6r att vara s\u00e4ker p\u00e5 att alla signaler fungerar.<br><\/p>\n\n\n\n<p><strong>OBS! <\/strong>Fordonsspecifika programuppdateringar kan resultera i att vissa recept inte fungerar. Det \u00e4r utanf\u00f6r v\u00e5r kontroll men vi arbetar kontinuerligt med att h\u00e5lla v\u00e5ra recept uppdaterade! Aktuella recept uppdateras automatiskt fr\u00e5n v\u00e5r databas. Vi arbetar ocks\u00e5 kontinuerligt med att l\u00e4gga till fler fordon i v\u00e5r databas. <a href=\"https:\/\/www.xbb.se\/sv_se\/faq\/#efaq-min-bil-ar-inte-med-i-receptlistan-fungerar-den-anda\" target=\"_blank\" rel=\"noreferrer noopener\">\u00c4r du os\u00e4ker kolla i v\u00e5ran FAQ.<\/a><\/p>\n\n\n\n<p class=\"has-text-align-center\"><br>Syns inte listan nedan s\u00e5 klicka p\u00e5 l\u00e4nken.<br><a href=\"https:\/\/www.xbb.se\/xbbTable\/bilmodeller.php\" target=\"_blank\" rel=\"noreferrer noopener\">Kompatibla bilmodeller (Recept)<\/a><\/p>\n\n\n\n<iframe src=\"\/xbbTable\/bilmodeller.php\" style=\"width:100%; height: 400px;\"><\/iframe><br>\n\n\n\n<p><\/p>\n","protected":false},"excerpt":{"rendered":"<p>OBS! Om din bils utrustning som ex. belysning, v\u00e4xell\u00e5da, facelift etc. skiljer sig mot beskrivningen i receptet beh\u00f6ver man testa med en XBB Dongle\u00ae f\u00f6r att vara s\u00e4ker p\u00e5 att alla signaler fungerar. OBS! Fordonsspecifika programuppdateringar kan resultera i att vissa recept inte fungerar. Det \u00e4r utanf\u00f6r v\u00e5r kontroll men vi arbetar kontinuerligt med att [&hellip;]<\/p>\n","protected":false},"author":4,"featured_media":0,"parent":0,"menu_order":0,"comment_status":"closed","ping_status":"closed","template":"","meta":{"_monsterinsights_skip_tracking":false,"_monsterinsights_sitenote_active":false,"_monsterinsights_sitenote_note":"","_monsterinsights_sitenote_category":0,"footnotes":""},"categories":[],"tags":[],"class_list":["post-2081","page","type-page","status-publish","hentry"],"jetpack_sharing_enabled":true,"_links":{"self":[{"href":"https:\/\/www.xbb.se\/sv_se\/wp-json\/wp\/v2\/pages\/2081","targetHints":{"allow":["GET"]}}],"collection":[{"href":"https:\/\/www.xbb.se\/sv_se\/wp-json\/wp\/v2\/pages"}],"about":[{"href":"https:\/\/www.xbb.se\/sv_se\/wp-json\/wp\/v2\/types\/page"}],"author":[{"embeddable":true,"href":"https:\/\/www.xbb.se\/sv_se\/wp-json\/wp\/v2\/users\/4"}],"replies":[{"embeddable":true,"href":"https:\/\/www.xbb.se\/sv_se\/wp-json\/wp\/v2\/comments?post=2081"}],"version-history":[{"count":10,"href":"https:\/\/www.xbb.se\/sv_se\/wp-json\/wp\/v2\/pages\/2081\/revisions"}],"predecessor-version":[{"id":2113,"href":"https:\/\/www.xbb.se\/sv_se\/wp-json\/wp\/v2\/pages\/2081\/revisions\/2113"}],"wp:attachment":[{"href":"https:\/\/www.xbb.se\/sv_se\/wp-json\/wp\/v2\/media?parent=2081"}],"wp:term":[{"taxonomy":"category","embeddable":true,"href":"https:\/\/www.xbb.se\/sv_se\/wp-json\/wp\/v2\/categories?post=2081"},{"taxonomy":"post_tag","embeddable":true,"href":"https:\/\/www.xbb.se\/sv_se\/wp-json\/wp\/v2\/tags?post=2081"}],"curies":[{"name":"wp","href":"https:\/\/api.w.org\/{rel}","templated":true}]}}