{"id":2414,"date":"2025-06-03T15:39:19","date_gmt":"2025-06-03T13:39:19","guid":{"rendered":"https:\/\/www.xbb.se\/?page_id=2414"},"modified":"2026-03-31T16:02:16","modified_gmt":"2026-03-31T14:02:16","slug":"pp-can-fd","status":"publish","type":"page","link":"https:\/\/www.xbb.se\/en\/pp-can-fd\/","title":{"rendered":"PP-CAN-FD\u00ae"},"content":{"rendered":"<p>It resembles an XBB PowerUnit\u00ae on the outside but also includes the functions of the XBB Dongle\u00ae built into the same unit. This means that an XBB Dongle\u00ae is not required for installations where PP-CAN-FD\u00ae is used. <\/p>\n\n\n\n<div class=\"wp-block-columns is-layout-flex wp-container-core-columns-is-layout-9d6595d7 wp-block-columns-is-layout-flex\">\n<div class=\"wp-block-column is-layout-flow wp-block-column-is-layout-flow\">\n<figure class=\"wp-block-image size-full\"><img loading=\"lazy\" decoding=\"async\" width=\"1389\" height=\"1389\" src=\"https:\/\/www.xbb.se\/wp-content\/uploads\/2025\/06\/PP-CAN-FD-4.jpg\" alt=\"\" class=\"wp-image-2421\" srcset=\"https:\/\/www.xbb.se\/wp-content\/uploads\/2025\/06\/PP-CAN-FD-4.jpg 1389w, https:\/\/www.xbb.se\/wp-content\/uploads\/2025\/06\/PP-CAN-FD-4-300x300.jpg 300w, https:\/\/www.xbb.se\/wp-content\/uploads\/2025\/06\/PP-CAN-FD-4-1024x1024.jpg 1024w, https:\/\/www.xbb.se\/wp-content\/uploads\/2025\/06\/PP-CAN-FD-4-150x150.jpg 150w, https:\/\/www.xbb.se\/wp-content\/uploads\/2025\/06\/PP-CAN-FD-4-768x768.jpg 768w, https:\/\/www.xbb.se\/wp-content\/uploads\/2025\/06\/PP-CAN-FD-4-12x12.jpg 12w, https:\/\/www.xbb.se\/wp-content\/uploads\/2025\/06\/PP-CAN-FD-4-1140x1140.jpg 1140w, https:\/\/www.xbb.se\/wp-content\/uploads\/2025\/06\/PP-CAN-FD-4-570x570.jpg 570w, https:\/\/www.xbb.se\/wp-content\/uploads\/2025\/06\/PP-CAN-FD-4-380x380.jpg 380w, https:\/\/www.xbb.se\/wp-content\/uploads\/2025\/06\/PP-CAN-FD-4-285x285.jpg 285w\" sizes=\"auto, (max-width: 1389px) 100vw, 1389px\" \/><figcaption class=\"wp-element-caption\">Art.nr : IDAB-2024-0116-1<\/figcaption><\/figure>\n<\/div>\n\n\n\n<div class=\"wp-block-column is-layout-flow wp-block-column-is-layout-flow\">\n<figure class=\"wp-block-image size-full\"><img loading=\"lazy\" decoding=\"async\" width=\"1389\" height=\"1389\" src=\"https:\/\/www.xbb.se\/wp-content\/uploads\/2025\/06\/PP-CAN-FD-5.jpg\" alt=\"\" class=\"wp-image-2423\" srcset=\"https:\/\/www.xbb.se\/wp-content\/uploads\/2025\/06\/PP-CAN-FD-5.jpg 1389w, https:\/\/www.xbb.se\/wp-content\/uploads\/2025\/06\/PP-CAN-FD-5-300x300.jpg 300w, https:\/\/www.xbb.se\/wp-content\/uploads\/2025\/06\/PP-CAN-FD-5-1024x1024.jpg 1024w, https:\/\/www.xbb.se\/wp-content\/uploads\/2025\/06\/PP-CAN-FD-5-150x150.jpg 150w, https:\/\/www.xbb.se\/wp-content\/uploads\/2025\/06\/PP-CAN-FD-5-768x768.jpg 768w, https:\/\/www.xbb.se\/wp-content\/uploads\/2025\/06\/PP-CAN-FD-5-12x12.jpg 12w, https:\/\/www.xbb.se\/wp-content\/uploads\/2025\/06\/PP-CAN-FD-5-1140x1140.jpg 1140w, https:\/\/www.xbb.se\/wp-content\/uploads\/2025\/06\/PP-CAN-FD-5-570x570.jpg 570w, https:\/\/www.xbb.se\/wp-content\/uploads\/2025\/06\/PP-CAN-FD-5-380x380.jpg 380w, https:\/\/www.xbb.se\/wp-content\/uploads\/2025\/06\/PP-CAN-FD-5-285x285.jpg 285w\" sizes=\"auto, (max-width: 1389px) 100vw, 1389px\" \/><\/figure>\n<\/div>\n\n\n\n<div class=\"wp-block-column is-layout-flow wp-block-column-is-layout-flow\">\n<figure class=\"wp-block-image size-full\"><img loading=\"lazy\" decoding=\"async\" width=\"1389\" height=\"1389\" src=\"https:\/\/www.xbb.se\/wp-content\/uploads\/2025\/06\/PP-CAN-FD-6.jpg\" alt=\"\" class=\"wp-image-2422\" srcset=\"https:\/\/www.xbb.se\/wp-content\/uploads\/2025\/06\/PP-CAN-FD-6.jpg 1389w, https:\/\/www.xbb.se\/wp-content\/uploads\/2025\/06\/PP-CAN-FD-6-300x300.jpg 300w, https:\/\/www.xbb.se\/wp-content\/uploads\/2025\/06\/PP-CAN-FD-6-1024x1024.jpg 1024w, https:\/\/www.xbb.se\/wp-content\/uploads\/2025\/06\/PP-CAN-FD-6-150x150.jpg 150w, https:\/\/www.xbb.se\/wp-content\/uploads\/2025\/06\/PP-CAN-FD-6-768x768.jpg 768w, https:\/\/www.xbb.se\/wp-content\/uploads\/2025\/06\/PP-CAN-FD-6-12x12.jpg 12w, https:\/\/www.xbb.se\/wp-content\/uploads\/2025\/06\/PP-CAN-FD-6-1140x1140.jpg 1140w, https:\/\/www.xbb.se\/wp-content\/uploads\/2025\/06\/PP-CAN-FD-6-570x570.jpg 570w, https:\/\/www.xbb.se\/wp-content\/uploads\/2025\/06\/PP-CAN-FD-6-380x380.jpg 380w, https:\/\/www.xbb.se\/wp-content\/uploads\/2025\/06\/PP-CAN-FD-6-285x285.jpg 285w\" sizes=\"auto, (max-width: 1389px) 100vw, 1389px\" \/><\/figure>\n<\/div>\n<\/div>\n\n\n\n<p>Unlike the XBB Dongle\u00ae, the PP-CAN-FD\u00ae is installed on the vehicle\u2019s internal CAN-bus network. The installation therefore requires a bit more knowledge of vehicle electronics, as it connects directly to the vehicle\u2019s electrical system rather than to the diagnostic port, as is the case with the XBB Dongle\u00ae. <\/p>\n\n\n\n<ul class=\"wp-block-list\">\n<li>Some vehicle models require the PP-CAN-FD\u00ae instead of the XBB Dongle\u00ae. <\/li>\n\n\n\n<li class=\"translation-block\">Recipes for the PP-CAN-FD\u00ae can be found under <a href=\"https:\/\/www.xbb.se\/en\/compatible-cars\/\" target=\"_blank\" rel=\"noreferrer noopener\">Compatible car models<\/a> \u2192 PP-CAN.<\/li>\n\n\n\n<li>Also suitable for those who do not want or are unable to have anything installed in the diagnostic port.<\/li>\n\n\n\n<li>There is also a custom wiring harness developed by us. <a href=\"https:\/\/www.xbb.se\/en\/cableharness\/\">Link<\/a><\/li>\n<\/ul>\n\n\n\n<p>Each PP-CAN-FD\u00ae has two outputs rated at 10 A per output, which can also be bridged to provide a total of 20 A. The unit also features an analog input on Pin 4, which can be used, among other things, for manual activation of the outputs.<\/p>\n\n\n\n<p>The unit is also fully potted, meaning it can withstand harsher environments than a standard XBB PowerUnit\u00ae.<\/p>\n\n\n\n<p>You can connect up to four XBB PowerUnit\u00ae modules to a single PP-CAN-FD\u00ae unit if the two built-in outputs are not sufficient. Of course, it is also possible to add our XBB PowerUnit 6\u00ae or an XBB Smart Button\u00ae if desired.<\/p>\n\n\n\n<ul class=\"wp-block-list\">\n<li><a href=\"https:\/\/www.xbb.se\/wp-content\/uploads\/2025\/10\/DATASHEET-XBB-PP-CAN-FD-EN-20240905-1.pdf\" target=\"_blank\" rel=\"noreferrer noopener\">Datasheet PP-CAN-FD\u00ae<\/a><\/li>\n<\/ul>","protected":false},"excerpt":{"rendered":"<p>P\u00e5minner till det yttre om en XBB PowerUnit\u00ae men har \u00e4ven funktionerna fr\u00e5n XBB Dongle\u00ae inbyggt i samma enhet. Det inneb\u00e4r att man inte beh\u00f6ver en XBB Dongle\u00ae till de installationer d\u00e4r PP-CAN-FD\u00ae anv\u00e4nds. Till skillnad mot XBB Dongle\u00ae monteras PP-CAN-FD\u00ae p\u00e5 fordonens interna CAN-bus n\u00e4tverk. Installationen kr\u00e4ver d\u00e4rmed lite mera kunskap om bilelektronik d\u00e5 [&hellip;]<\/p>\n","protected":false},"author":4,"featured_media":0,"parent":0,"menu_order":0,"comment_status":"closed","ping_status":"closed","template":"","meta":{"_monsterinsights_skip_tracking":false,"_monsterinsights_sitenote_active":false,"_monsterinsights_sitenote_note":"","_monsterinsights_sitenote_category":0,"footnotes":""},"categories":[],"tags":[12,13,11,5,14],"class_list":["post-2414","page","type-page","status-publish","hentry","tag-dl1200","tag-modernum","tag-pp-can-fd","tag-xbb","tag-xbb-system"],"jetpack_sharing_enabled":true,"_links":{"self":[{"href":"https:\/\/www.xbb.se\/en\/wp-json\/wp\/v2\/pages\/2414","targetHints":{"allow":["GET"]}}],"collection":[{"href":"https:\/\/www.xbb.se\/en\/wp-json\/wp\/v2\/pages"}],"about":[{"href":"https:\/\/www.xbb.se\/en\/wp-json\/wp\/v2\/types\/page"}],"author":[{"embeddable":true,"href":"https:\/\/www.xbb.se\/en\/wp-json\/wp\/v2\/users\/4"}],"replies":[{"embeddable":true,"href":"https:\/\/www.xbb.se\/en\/wp-json\/wp\/v2\/comments?post=2414"}],"version-history":[{"count":12,"href":"https:\/\/www.xbb.se\/en\/wp-json\/wp\/v2\/pages\/2414\/revisions"}],"predecessor-version":[{"id":2908,"href":"https:\/\/www.xbb.se\/en\/wp-json\/wp\/v2\/pages\/2414\/revisions\/2908"}],"wp:attachment":[{"href":"https:\/\/www.xbb.se\/en\/wp-json\/wp\/v2\/media?parent=2414"}],"wp:term":[{"taxonomy":"category","embeddable":true,"href":"https:\/\/www.xbb.se\/en\/wp-json\/wp\/v2\/categories?post=2414"},{"taxonomy":"post_tag","embeddable":true,"href":"https:\/\/www.xbb.se\/en\/wp-json\/wp\/v2\/tags?post=2414"}],"curies":[{"name":"wp","href":"https:\/\/api.w.org\/{rel}","templated":true}]}}