{"id":2332,"date":"2025-01-16T12:03:21","date_gmt":"2025-01-16T10:03:21","guid":{"rendered":"https:\/\/www.xbb.se\/?page_id=2332"},"modified":"2025-09-26T09:31:56","modified_gmt":"2025-09-26T07:31:56","slug":"adapterkablage","status":"publish","type":"page","link":"https:\/\/www.xbb.se\/en\/adapterkablage\/","title":{"rendered":"Adapter cable XBB Dongle"},"content":{"rendered":"<p class=\"translation-block\">The adapter harness is required to install a standard XBB Dongle\u00ae on car models built on Mercedes\u2019 new <a href=\"https:\/\/en.wikipedia.org\/wiki\/Mercedes-Benz_MRA_platform#Second_generation_MRA2\" target=\"_blank\" rel=\"noreferrer noopener\">MRA2 platform<\/a>. On these car models, it is not possible to connect the XBB Dongle\u00ae in the traditional way via the vehicle\u2019s diagnostic port (OBD2 connector). Instead, the XBB Dongle\u00ae must be connected to the internal CAN-bus network. The recipes for these models can currently be found under PP-CAN.<\/p>\n\n\n<div class=\"wp-block-image\">\n<figure class=\"aligncenter size-full is-resized\"><img loading=\"lazy\" decoding=\"async\" width=\"500\" height=\"500\" src=\"http:\/\/www.xbb.se\/wp-content\/uploads\/2025\/01\/Adapterkablage-500px.jpg\" alt=\"\" class=\"wp-image-2326\" style=\"width:270px;height:auto\" srcset=\"https:\/\/www.xbb.se\/wp-content\/uploads\/2025\/01\/Adapterkablage-500px.jpg 500w, https:\/\/www.xbb.se\/wp-content\/uploads\/2025\/01\/Adapterkablage-500px-300x300.jpg 300w, https:\/\/www.xbb.se\/wp-content\/uploads\/2025\/01\/Adapterkablage-500px-150x150.jpg 150w, https:\/\/www.xbb.se\/wp-content\/uploads\/2025\/01\/Adapterkablage-500px-12x12.jpg 12w, https:\/\/www.xbb.se\/wp-content\/uploads\/2025\/01\/Adapterkablage-500px-380x380.jpg 380w, https:\/\/www.xbb.se\/wp-content\/uploads\/2025\/01\/Adapterkablage-500px-285x285.jpg 285w\" sizes=\"auto, (max-width: 500px) 100vw, 500px\" \/><figcaption class=\"wp-element-caption\">Art.no: IDAB-2025-0113-1<\/figcaption><\/figure>\n<\/div>\n\n\n<p>This type of installation is significantly more advanced than a standard XBB Dongle\u00ae installation, and we therefore strongly recommend leaving it to a vehicle bodybuilder or automotive workshop equipped with the proper tools and solid knowledge of vehicle electronics.<\/p>\n\n\n\n<p><strong>Note! <\/strong><br>In addition to the adapter cable (Part No: IDAB-2025-0113-1), the correct hardware version of your XBB Dongle\u00ae is also required. It must support CAN-FD, which is available starting from hardware model XBB Dongle 2. This version has been manufactured and delivered since June 2024.<\/p>\n\n\n\n<p class=\"translation-block\"><strong>You can see which version your XBB Dongle\u00ae has in the app under the XBB Dongle\u00ae settings.<\/strong><br>Click on About XBB Dongle \u2014 the model should be XBB-Dongle-2. See the images below.<\/p>\n\n\n\n<div class=\"wp-block-columns are-vertically-aligned-center is-layout-flex wp-container-core-columns-is-layout-9d6595d7 wp-block-columns-is-layout-flex\">\n<div class=\"wp-block-column is-vertically-aligned-center is-layout-flow wp-block-column-is-layout-flow\"><div class=\"wp-block-image\">\n<figure class=\"aligncenter size-large is-resized\"><img loading=\"lazy\" decoding=\"async\" width=\"473\" height=\"1024\" src=\"https:\/\/www.xbb.se\/wp-content\/uploads\/2025\/09\/Screenshot_20250908_092956_XBB-473x1024.jpg\" alt=\"\" class=\"wp-image-2484\" style=\"width:276px;height:auto\" srcset=\"https:\/\/www.xbb.se\/wp-content\/uploads\/2025\/09\/Screenshot_20250908_092956_XBB-473x1024.jpg 473w, https:\/\/www.xbb.se\/wp-content\/uploads\/2025\/09\/Screenshot_20250908_092956_XBB-138x300.jpg 138w, https:\/\/www.xbb.se\/wp-content\/uploads\/2025\/09\/Screenshot_20250908_092956_XBB-768x1664.jpg 768w, https:\/\/www.xbb.se\/wp-content\/uploads\/2025\/09\/Screenshot_20250908_092956_XBB-709x1536.jpg 709w, https:\/\/www.xbb.se\/wp-content\/uploads\/2025\/09\/Screenshot_20250908_092956_XBB-945x2048.jpg 945w, https:\/\/www.xbb.se\/wp-content\/uploads\/2025\/09\/Screenshot_20250908_092956_XBB-6x12.jpg 6w, https:\/\/www.xbb.se\/wp-content\/uploads\/2025\/09\/Screenshot_20250908_092956_XBB.jpg 1080w\" sizes=\"auto, (max-width: 473px) 100vw, 473px\" \/><\/figure>\n<\/div><\/div>\n\n\n\n<div class=\"wp-block-column is-vertically-aligned-center is-layout-flow wp-block-column-is-layout-flow\"><div class=\"wp-block-image\">\n<figure class=\"aligncenter size-large is-resized\"><img loading=\"lazy\" decoding=\"async\" width=\"473\" height=\"1024\" src=\"https:\/\/www.xbb.se\/wp-content\/uploads\/2025\/09\/Screenshot_20250908_093002_XBB-473x1024.jpg\" alt=\"\" class=\"wp-image-2485\" style=\"width:275px;height:auto\" srcset=\"https:\/\/www.xbb.se\/wp-content\/uploads\/2025\/09\/Screenshot_20250908_093002_XBB-473x1024.jpg 473w, https:\/\/www.xbb.se\/wp-content\/uploads\/2025\/09\/Screenshot_20250908_093002_XBB-138x300.jpg 138w, https:\/\/www.xbb.se\/wp-content\/uploads\/2025\/09\/Screenshot_20250908_093002_XBB-768x1664.jpg 768w, https:\/\/www.xbb.se\/wp-content\/uploads\/2025\/09\/Screenshot_20250908_093002_XBB-709x1536.jpg 709w, https:\/\/www.xbb.se\/wp-content\/uploads\/2025\/09\/Screenshot_20250908_093002_XBB-945x2048.jpg 945w, https:\/\/www.xbb.se\/wp-content\/uploads\/2025\/09\/Screenshot_20250908_093002_XBB-6x12.jpg 6w, https:\/\/www.xbb.se\/wp-content\/uploads\/2025\/09\/Screenshot_20250908_093002_XBB.jpg 1080w\" sizes=\"auto, (max-width: 473px) 100vw, 473px\" \/><\/figure>\n<\/div><\/div>\n<\/div>\n\n\n\n<div style=\"height:50px\" aria-hidden=\"true\" class=\"wp-block-spacer\"><\/div>\n\n\n\n<h2 class=\"wp-block-heading\">Installation Instructions<\/h2>\n\n\n\n<ul class=\"wp-block-list\">\n<li><a href=\"https:\/\/www.xbb.se\/wp-content\/uploads\/2025\/02\/NEW_Installationsmanual-Mercedes-CAN-FD-Plattform-1.pdf\" target=\"_blank\" rel=\"noreferrer noopener\">Installation Manual Mercedes C\/GLC Rev. 2<\/a> (In Swedish)<\/li>\n\n\n\n<li>The recipes for the MRA2 platform can be found under PP-CAN.<\/li>\n<\/ul>\n\n\n\n<p><\/p>","protected":false},"excerpt":{"rendered":"<p>Adapterkablaget kr\u00e4vs f\u00f6r kunna montera en standard XBB Dongle\u00ae p\u00e5 bilmodeller som bygger p\u00e5 Mercedes nya MRA2 plattform. P\u00e5 dessa bilmodeller g\u00e5r det inte att ansluta XBB Dongle\u00ae p\u00e5 traditionellt s\u00e4tt i bilens diagnosuttag (OBD2-kontakt). I st\u00e4llet m\u00e5ste XBB Dongle\u00ae anslutas till det interna CAN-bus n\u00e4tverket. Recepten till dessa modeller hittar du under PP-CAN f\u00f6r [&hellip;]<\/p>\n","protected":false},"author":4,"featured_media":0,"parent":0,"menu_order":0,"comment_status":"closed","ping_status":"closed","template":"","meta":{"_monsterinsights_skip_tracking":false,"_monsterinsights_sitenote_active":false,"_monsterinsights_sitenote_note":"","_monsterinsights_sitenote_category":0,"footnotes":""},"categories":[],"tags":[],"class_list":["post-2332","page","type-page","status-publish","hentry"],"jetpack_sharing_enabled":true,"_links":{"self":[{"href":"https:\/\/www.xbb.se\/en\/wp-json\/wp\/v2\/pages\/2332","targetHints":{"allow":["GET"]}}],"collection":[{"href":"https:\/\/www.xbb.se\/en\/wp-json\/wp\/v2\/pages"}],"about":[{"href":"https:\/\/www.xbb.se\/en\/wp-json\/wp\/v2\/types\/page"}],"author":[{"embeddable":true,"href":"https:\/\/www.xbb.se\/en\/wp-json\/wp\/v2\/users\/4"}],"replies":[{"embeddable":true,"href":"https:\/\/www.xbb.se\/en\/wp-json\/wp\/v2\/comments?post=2332"}],"version-history":[{"count":43,"href":"https:\/\/www.xbb.se\/en\/wp-json\/wp\/v2\/pages\/2332\/revisions"}],"predecessor-version":[{"id":2557,"href":"https:\/\/www.xbb.se\/en\/wp-json\/wp\/v2\/pages\/2332\/revisions\/2557"}],"wp:attachment":[{"href":"https:\/\/www.xbb.se\/en\/wp-json\/wp\/v2\/media?parent=2332"}],"wp:term":[{"taxonomy":"category","embeddable":true,"href":"https:\/\/www.xbb.se\/en\/wp-json\/wp\/v2\/categories?post=2332"},{"taxonomy":"post_tag","embeddable":true,"href":"https:\/\/www.xbb.se\/en\/wp-json\/wp\/v2\/tags?post=2332"}],"curies":[{"name":"wp","href":"https:\/\/api.w.org\/{rel}","templated":true}]}}