{"id":2184,"date":"2024-11-27T14:03:32","date_gmt":"2024-11-27T12:03:32","guid":{"rendered":"https:\/\/www.xbb.se\/?page_id=2184"},"modified":"2026-01-27T14:29:25","modified_gmt":"2026-01-27T12:29:25","slug":"cables","status":"publish","type":"page","link":"https:\/\/www.xbb.se\/en\/cables\/","title":{"rendered":"Cables"},"content":{"rendered":"<p>Depending on how the XBB Dongle is installed, an additional cable may sometimes be required. A Y-splitter might be necessary if something is already connected to the OBD2 port. In some cases, an extension cable may be needed if the OBD2 port is inconveniently located.<\/p>\n\n\n\n<p>We sell two different types of cables specifically for these purposes.<\/p>\n\n\n\n<p><strong>Note!<\/strong>&nbsp;<strong>Note!<\/strong> When using these cables, it is important to ensure that the XBB Dongle\u00ae is mounted with firm contact against the car\u2019s interior and not left hanging freely. This is necessary for the built-in accelerometer in the XBB Dongle\u00ae to detect movements of the vehicle, thereby waking it from standby mode and ensuring correct functionality.<\/p>\n\n\n\n<div class=\"wp-block-columns is-layout-flex wp-container-core-columns-is-layout-9d6595d7 wp-block-columns-is-layout-flex\">\n<div class=\"wp-block-column is-layout-flow wp-block-column-is-layout-flow\">\n<figure class=\"wp-block-image size-full\"><img loading=\"lazy\" decoding=\"async\" width=\"500\" height=\"500\" src=\"https:\/\/www.xbb.se\/wp-content\/uploads\/2025\/01\/Y-splitter-500px.jpg\" alt=\"\" class=\"wp-image-2330\" srcset=\"https:\/\/www.xbb.se\/wp-content\/uploads\/2025\/01\/Y-splitter-500px.jpg 500w, https:\/\/www.xbb.se\/wp-content\/uploads\/2025\/01\/Y-splitter-500px-300x300.jpg 300w, https:\/\/www.xbb.se\/wp-content\/uploads\/2025\/01\/Y-splitter-500px-150x150.jpg 150w, https:\/\/www.xbb.se\/wp-content\/uploads\/2025\/01\/Y-splitter-500px-12x12.jpg 12w, https:\/\/www.xbb.se\/wp-content\/uploads\/2025\/01\/Y-splitter-500px-380x380.jpg 380w, https:\/\/www.xbb.se\/wp-content\/uploads\/2025\/01\/Y-splitter-500px-285x285.jpg 285w\" sizes=\"auto, (max-width: 500px) 100vw, 500px\" \/><figcaption class=\"wp-element-caption\">Y-splitter<br>Art.no: IDAB-2020-0922-1<br>Approximately 200 mm long<br>Contacting 1:1<br>2 x female - 1 x male<\/figcaption><\/figure>\n\n\n\n<p><a href=\"https:\/\/www.xbb.se\/wp-content\/uploads\/2021\/03\/DATASHEET-OBD-II-Y-kabel-IDAB-2020-0922-1.pdf\">Datasheet<\/a><\/p>\n<\/div>\n\n\n\n<div class=\"wp-block-column is-layout-flow wp-block-column-is-layout-flow\">\n<figure class=\"wp-block-image size-full\"><img loading=\"lazy\" decoding=\"async\" width=\"500\" height=\"500\" src=\"https:\/\/www.xbb.se\/wp-content\/uploads\/2025\/01\/Extension-500px.jpg\" alt=\"\" class=\"wp-image-2329\" srcset=\"https:\/\/www.xbb.se\/wp-content\/uploads\/2025\/01\/Extension-500px.jpg 500w, https:\/\/www.xbb.se\/wp-content\/uploads\/2025\/01\/Extension-500px-300x300.jpg 300w, https:\/\/www.xbb.se\/wp-content\/uploads\/2025\/01\/Extension-500px-150x150.jpg 150w, https:\/\/www.xbb.se\/wp-content\/uploads\/2025\/01\/Extension-500px-12x12.jpg 12w, https:\/\/www.xbb.se\/wp-content\/uploads\/2025\/01\/Extension-500px-380x380.jpg 380w, https:\/\/www.xbb.se\/wp-content\/uploads\/2025\/01\/Extension-500px-285x285.jpg 285w\" sizes=\"auto, (max-width: 500px) 100vw, 500px\" \/><figcaption class=\"wp-element-caption\">Extension cable<br>Art.no: IDAB-2020-0322-2<br>Approximately 230 mm long.<br>Contacting 1:1<br>1 x female - 1 x male<\/figcaption><\/figure>\n\n\n\n<p><a href=\"https:\/\/www.xbb.se\/wp-content\/uploads\/2021\/03\/DATASHEET-OBD-II-Forlangningskablage-IDAB-2020-0922-2.pdf\">Datasheet<\/a><\/p>\n<\/div>\n\n\n\n<div class=\"wp-block-column is-layout-flow wp-block-column-is-layout-flow\">\n<figure class=\"wp-block-image size-full\"><a href=\"https:\/\/www.xbb.se\/en\/kablar\/https:\/\/www.xbb.se\/sv_se\/adapterkablage\/\"><img loading=\"lazy\" decoding=\"async\" width=\"500\" height=\"500\" src=\"https:\/\/www.xbb.se\/wp-content\/uploads\/2025\/01\/Adapterkablage-500px.jpg\" alt=\"\" class=\"wp-image-2326\" srcset=\"https:\/\/www.xbb.se\/wp-content\/uploads\/2025\/01\/Adapterkablage-500px.jpg 500w, https:\/\/www.xbb.se\/wp-content\/uploads\/2025\/01\/Adapterkablage-500px-300x300.jpg 300w, https:\/\/www.xbb.se\/wp-content\/uploads\/2025\/01\/Adapterkablage-500px-150x150.jpg 150w, https:\/\/www.xbb.se\/wp-content\/uploads\/2025\/01\/Adapterkablage-500px-12x12.jpg 12w, https:\/\/www.xbb.se\/wp-content\/uploads\/2025\/01\/Adapterkablage-500px-380x380.jpg 380w, https:\/\/www.xbb.se\/wp-content\/uploads\/2025\/01\/Adapterkablage-500px-285x285.jpg 285w\" sizes=\"auto, (max-width: 500px) 100vw, 500px\" \/><\/a><figcaption class=\"wp-element-caption\">Adapter cable XBB Dongle\u00ae<br>Art.no:  IDAB-2025-0113-1<br>For installation of XBB Dongle\u00ae on the Mercedes MRA2 platform.<br><\/figcaption><\/figure>\n<\/div>\n<\/div>\n\n\n\n<div class=\"wp-block-columns is-layout-flex wp-container-core-columns-is-layout-9d6595d7 wp-block-columns-is-layout-flex\">\n<div class=\"wp-block-column is-layout-flow wp-block-column-is-layout-flow\">\n<figure class=\"wp-block-image size-full\"><a href=\"https:\/\/www.xbb.se\/en\/cableharness\/\" target=\"_blank\" rel=\" noreferrer noopener\"><img loading=\"lazy\" decoding=\"async\" width=\"533\" height=\"800\" src=\"https:\/\/www.xbb.se\/wp-content\/uploads\/2026\/01\/PP-CAN-FD-kablage-liten.png\" alt=\"\" class=\"wp-image-2837\" srcset=\"https:\/\/www.xbb.se\/wp-content\/uploads\/2026\/01\/PP-CAN-FD-kablage-liten.png 533w, https:\/\/www.xbb.se\/wp-content\/uploads\/2026\/01\/PP-CAN-FD-kablage-liten-200x300.png 200w, https:\/\/www.xbb.se\/wp-content\/uploads\/2026\/01\/PP-CAN-FD-kablage-liten-8x12.png 8w\" sizes=\"auto, (max-width: 533px) 100vw, 533px\" \/><\/a><figcaption class=\"wp-element-caption\">Cable harness for PP-CAN-FD\u00ae<br>IDAB-2023-1003-1<\/figcaption><\/figure>\n<\/div>\n\n\n\n<div class=\"wp-block-column is-layout-flow wp-block-column-is-layout-flow\"><\/div>\n\n\n\n<div class=\"wp-block-column is-layout-flow wp-block-column-is-layout-flow\"><\/div>\n<\/div>","protected":false},"excerpt":{"rendered":"<p>Beroende p\u00e5 hur XBB Dongle monteras kan det ibland beh\u00f6va en extra kabel. Det kan vara s\u00e5 att man beh\u00f6ver en Y-splitter pga att man redan har n\u00e5got monterat i OBD2 uttaget. Det kan i vissa fall beh\u00f6vas en f\u00f6rl\u00e4ngningskabel f\u00f6r att OBD2 uttaget sitter ol\u00e4mpligt till. Vi s\u00e4ljer tv\u00e5 olika typer av kablar f\u00f6r [&hellip;]<\/p>\n","protected":false},"author":4,"featured_media":0,"parent":0,"menu_order":0,"comment_status":"closed","ping_status":"closed","template":"","meta":{"_monsterinsights_skip_tracking":false,"_monsterinsights_sitenote_active":false,"_monsterinsights_sitenote_note":"","_monsterinsights_sitenote_category":0,"footnotes":""},"categories":[],"tags":[],"class_list":["post-2184","page","type-page","status-publish","hentry"],"jetpack_sharing_enabled":true,"_links":{"self":[{"href":"https:\/\/www.xbb.se\/en\/wp-json\/wp\/v2\/pages\/2184","targetHints":{"allow":["GET"]}}],"collection":[{"href":"https:\/\/www.xbb.se\/en\/wp-json\/wp\/v2\/pages"}],"about":[{"href":"https:\/\/www.xbb.se\/en\/wp-json\/wp\/v2\/types\/page"}],"author":[{"embeddable":true,"href":"https:\/\/www.xbb.se\/en\/wp-json\/wp\/v2\/users\/4"}],"replies":[{"embeddable":true,"href":"https:\/\/www.xbb.se\/en\/wp-json\/wp\/v2\/comments?post=2184"}],"version-history":[{"count":14,"href":"https:\/\/www.xbb.se\/en\/wp-json\/wp\/v2\/pages\/2184\/revisions"}],"predecessor-version":[{"id":2854,"href":"https:\/\/www.xbb.se\/en\/wp-json\/wp\/v2\/pages\/2184\/revisions\/2854"}],"wp:attachment":[{"href":"https:\/\/www.xbb.se\/en\/wp-json\/wp\/v2\/media?parent=2184"}],"wp:term":[{"taxonomy":"category","embeddable":true,"href":"https:\/\/www.xbb.se\/en\/wp-json\/wp\/v2\/categories?post=2184"},{"taxonomy":"post_tag","embeddable":true,"href":"https:\/\/www.xbb.se\/en\/wp-json\/wp\/v2\/tags?post=2184"}],"curies":[{"name":"wp","href":"https:\/\/api.w.org\/{rel}","templated":true}]}}