{"id":2153,"date":"2024-11-27T13:20:03","date_gmt":"2024-11-27T11:20:03","guid":{"rendered":"https:\/\/www.xbb.se\/?page_id=2153"},"modified":"2026-01-23T12:22:42","modified_gmt":"2026-01-23T10:22:42","slug":"xbb-powerunit-6","status":"publish","type":"page","link":"https:\/\/www.xbb.se\/en\/xbb-powerunit-6\/","title":{"rendered":"XBB PowerUnit 6\u00ae"},"content":{"rendered":"<h2 class=\"wp-block-heading\">About<\/h2>\n\n\n\n<div class=\"wp-block-columns is-layout-flex wp-container-core-columns-is-layout-9d6595d7 wp-block-columns-is-layout-flex\">\n<div class=\"wp-block-column is-layout-flow wp-block-column-is-layout-flow\" style=\"flex-basis:33.33%\">\n<ul class=\"wp-block-list\">\n<li>The ability to support 6 functions within the same unit.<\/li>\n\n\n\n<li>6 outputs of 10 Amperes each.<\/li>\n\n\n\n<li>Possibility to connect multiple outputs for increased power.<\/li>\n\n\n\n<li>Flat pin connectors 6.3 mm x 10 pcs.<\/li>\n\n\n\n<li>Relay connection according to ISO 8092-1.<\/li>\n\n\n\n<li>Mounting ears for easy installation.<\/li>\n\n\n\n<li>Connects to XBB Dongle\u00ae or PP-CAN-FD\u00ae.<\/li>\n<\/ul>\n<\/div>\n\n\n\n<div class=\"wp-block-column is-layout-flow wp-block-column-is-layout-flow\" style=\"flex-basis:66.66%\"><div class=\"wp-block-image\">\n<figure class=\"aligncenter size-full is-resized\"><img loading=\"lazy\" decoding=\"async\" width=\"889\" height=\"500\" src=\"https:\/\/www.xbb.se\/wp-content\/uploads\/2025\/01\/PowerUnit6-500px-16.9.jpg\" alt=\"\" class=\"wp-image-2341\" style=\"width:434px;height:auto\" srcset=\"https:\/\/www.xbb.se\/wp-content\/uploads\/2025\/01\/PowerUnit6-500px-16.9.jpg 889w, https:\/\/www.xbb.se\/wp-content\/uploads\/2025\/01\/PowerUnit6-500px-16.9-300x169.jpg 300w, https:\/\/www.xbb.se\/wp-content\/uploads\/2025\/01\/PowerUnit6-500px-16.9-768x432.jpg 768w, https:\/\/www.xbb.se\/wp-content\/uploads\/2025\/01\/PowerUnit6-500px-16.9-18x10.jpg 18w\" sizes=\"auto, (max-width: 889px) 100vw, 889px\" \/><figcaption class=\"wp-element-caption\">Art.nr: IDAB-2024-0610-1<br><mark style=\"background-color:rgba(0, 0, 0, 0)\" class=\"has-inline-color has-cyan-bluish-gray-color\">Tidigare art.nr: IDAB-2023-0913-1<\/mark><\/figcaption><\/figure>\n<\/div><\/div>\n<\/div>\n\n\n\n<h2 class=\"wp-block-heading\">Description<\/h2>\n\n\n\n<p>Our XBB PowerUnit 6\u00ae is a great option for vehicle builders who want a simple installation without needing to dismantle large parts of the vehicle's interior to tap into various signal cables. <br><br>It is also a great fit for those with multiple lights or bars on their vehicle who want the ability to control different lights or position lights individually. Just like the standard XBB PowerUnit\u00ae, you can connect up to 4 units to a single XBB Dongle, giving you a total of 24 outputs to work with if needed.<br><br>To function, the XBB PowerUnit 6\u00ae needs to be connected to either an XBB Dongle\u00ae or our product PP-CAN-FD\u00ae. Both of these products work by listening to the vehicle's CAN-bus data, allowing them to identify which functions are activated in the car, such as high beams, reverse lights, ignition, and more.<br><br>The signals are then transmitted via Bluetooth (BLE 5) to your XBB PowerUnit\u00ae product, which activates the various outputs based on how you have configured the XBB PowerUnit\u00ae in the app.<br><br>Depending on the recipe you have selected in the app, different signals are available. Refer to the list of compatible car models for details. <br>Gl\u00f6m inte att alla installationer b\u00f6rjar med att man installerar XBB Dongle\u00ae och hittar ett fungerande recept!<\/p>\n\n\n\n<p><strong>More ways to control your XBB PowerUnit\u00ae<\/strong><br>XBB Dashboard is a built-in feature of the XBB Configurator\u00ae app that allows you to create your own virtual button panel within the app. With it, you can control the different outputs and view real-time values from your car, such as battery voltage and more. <br><br>You also have the option to add a strobe light function, PWM control for outputs, and more. The various buttons in the app can be customized, allowing you to change symbols, adjust colors, and more directly within the app.<\/p>\n\n\n\n<p>**Note!** The XBB Dashboard\u00ae feature is still under development, and there is a lot of work remaining to make it more user-friendly. Please be patient\u2014it\u2019s going to be amazing!<\/p>\n\n\n<div class=\"wp-block-image\">\n<figure class=\"aligncenter size-full\"><img loading=\"lazy\" decoding=\"async\" width=\"800\" height=\"450\" src=\"https:\/\/www.xbb.se\/wp-content\/uploads\/2024\/11\/Dashboard_800px.jpg\" alt=\"\" class=\"wp-image-2159\" srcset=\"https:\/\/www.xbb.se\/wp-content\/uploads\/2024\/11\/Dashboard_800px.jpg 800w, https:\/\/www.xbb.se\/wp-content\/uploads\/2024\/11\/Dashboard_800px-300x169.jpg 300w, https:\/\/www.xbb.se\/wp-content\/uploads\/2024\/11\/Dashboard_800px-768x432.jpg 768w, https:\/\/www.xbb.se\/wp-content\/uploads\/2024\/11\/Dashboard_800px-18x10.jpg 18w\" sizes=\"auto, (max-width: 800px) 100vw, 800px\" \/><figcaption class=\"wp-element-caption\">Example of a generously designed panel. <\/figcaption><\/figure>\n<\/div>\n\n\n<hr class=\"wp-block-separator has-alpha-channel-opacity\"\/>\n\n\n\n<h2 class=\"wp-block-heading\">Wiring Examples and More<\/h2>\n\n\n\n<ul class=\"wp-block-list\">\n<li><a href=\"https:\/\/www.xbb.se\/wp-content\/uploads\/2026\/01\/DATASHEET-XBB-PU6-example-connectionEN-20241127-2.pdf\" target=\"_blank\" rel=\"noreferrer noopener\">Connection Example Ver 1.2<\/a><\/li>\n\n\n\n<li><a href=\"https:\/\/www.xbb.se\/wp-content\/uploads\/2026\/01\/DATASHEET-XBB-PU6-example-connectionEN-20240604-2.pdf\" target=\"_blank\" rel=\"noreferrer noopener\">Connection Example Ver 1.1<\/a><\/li>\n\n\n\n<li><a href=\"https:\/\/www.xbb.se\/wp-content\/uploads\/2026\/01\/DATASHEET-XBB-PowerUnit-6-EN-20241127-1.pdf\" target=\"_blank\" rel=\"noreferrer noopener\">Datablad  XBB PowerUnit 6\u00ae Ver 1.2<\/a><\/li>\n<\/ul>\n\n\n\n<hr class=\"wp-block-separator has-alpha-channel-opacity\"\/>\n\n\n\n<h2 class=\"wp-block-heading\">Support<\/h2>\n\n\n\n<p><strong>Note!<\/strong>&nbsp;<strong>Please contact the retailer where you bought your XBB System as your first point of support!<\/strong><\/p>\n\n\n\n<p><strong>Tips<\/strong>. By following our&nbsp;<a href=\"https:\/\/www.xbb.se\/en\/snabbguide\/\" target=\"_blank\" rel=\"noreferrer noopener\"><strong>Installation manual<\/strong>&nbsp;<\/a>from start to finish, you\u2019ll avoid most issues that might arise. If you need quick assistance, search in our&nbsp;<a href=\"https:\/\/www.xbb.se\/en\/faq\/\" target=\"_blank\" rel=\"noreferrer noopener\"><strong>FAQ<\/strong>&nbsp;<\/a>. We also have several <a href=\"https:\/\/www.xbb.se\/en\/filmer\/\"><strong>instructional videos <\/strong><\/a>you can access. The link can be found in the support menu at the top.<\/p>\n\n\n\n<p><\/p>","protected":false},"excerpt":{"rendered":"<p>Om Beskrivning V\u00e5r XBB PowerUnit 6\u00ae \u00e4r ett bra alternativ f\u00f6r dig som fordonsp\u00e5byggare som vill ha en enkel installation utan att beh\u00f6va riva massa inredningen i fordonet f\u00f6r att sen tjuva in sig p\u00e5 olika signalkablar. Den passar ocks\u00e5 bra f\u00f6r dig som har m\u00e5nga lampor\/ramper p\u00e5 bilen och kanske vill ha m\u00f6jligheten att [&hellip;]<\/p>\n","protected":false},"author":4,"featured_media":0,"parent":0,"menu_order":0,"comment_status":"closed","ping_status":"closed","template":"","meta":{"_monsterinsights_skip_tracking":false,"_monsterinsights_sitenote_active":false,"_monsterinsights_sitenote_note":"","_monsterinsights_sitenote_category":0,"footnotes":""},"categories":[],"tags":[],"class_list":["post-2153","page","type-page","status-publish","hentry"],"jetpack_sharing_enabled":true,"_links":{"self":[{"href":"https:\/\/www.xbb.se\/en\/wp-json\/wp\/v2\/pages\/2153","targetHints":{"allow":["GET"]}}],"collection":[{"href":"https:\/\/www.xbb.se\/en\/wp-json\/wp\/v2\/pages"}],"about":[{"href":"https:\/\/www.xbb.se\/en\/wp-json\/wp\/v2\/types\/page"}],"author":[{"embeddable":true,"href":"https:\/\/www.xbb.se\/en\/wp-json\/wp\/v2\/users\/4"}],"replies":[{"embeddable":true,"href":"https:\/\/www.xbb.se\/en\/wp-json\/wp\/v2\/comments?post=2153"}],"version-history":[{"count":55,"href":"https:\/\/www.xbb.se\/en\/wp-json\/wp\/v2\/pages\/2153\/revisions"}],"predecessor-version":[{"id":2833,"href":"https:\/\/www.xbb.se\/en\/wp-json\/wp\/v2\/pages\/2153\/revisions\/2833"}],"wp:attachment":[{"href":"https:\/\/www.xbb.se\/en\/wp-json\/wp\/v2\/media?parent=2153"}],"wp:term":[{"taxonomy":"category","embeddable":true,"href":"https:\/\/www.xbb.se\/en\/wp-json\/wp\/v2\/categories?post=2153"},{"taxonomy":"post_tag","embeddable":true,"href":"https:\/\/www.xbb.se\/en\/wp-json\/wp\/v2\/tags?post=2153"}],"curies":[{"name":"wp","href":"https:\/\/api.w.org\/{rel}","templated":true}]}}