{"id":1236,"date":"2021-11-17T14:16:37","date_gmt":"2021-11-17T12:16:37","guid":{"rendered":"http:\/\/www.xbb.se\/?page_id=1236"},"modified":"2026-02-20T15:39:38","modified_gmt":"2026-02-20T13:39:38","slug":"kopplingsexempel","status":"publish","type":"page","link":"https:\/\/www.xbb.se\/en\/kopplingsexempel\/","title":{"rendered":"Wiring guide"},"content":{"rendered":"<p>Downloadable PDF that shows different ways to connect XBB PowerUnit\u00ae to the vehicle. It also gives advice on how to place your XBB PowerUnit\u00ae for best possible performance.<\/p>\n\n\n\n<p>Ska du installera XBB Dongle p\u00e5 en Tesla? Kolla in tabellen l\u00e4ngst ner.<\/p>\n\n\n\n<div class=\"wp-block-columns are-vertically-aligned-center is-layout-flex wp-container-core-columns-is-layout-9d6595d7 wp-block-columns-is-layout-flex\">\n<div class=\"wp-block-column is-vertically-aligned-center is-layout-flow wp-block-column-is-layout-flow\">\n<div class=\"wp-block-columns is-layout-flex wp-container-core-columns-is-layout-9d6595d7 wp-block-columns-is-layout-flex\">\n<div class=\"wp-block-column is-layout-flow wp-block-column-is-layout-flow\" style=\"flex-basis:100%\">\n<div class=\"wp-block-columns is-layout-flex wp-container-core-columns-is-layout-9d6595d7 wp-block-columns-is-layout-flex\">\n<div class=\"wp-block-column is-layout-flow wp-block-column-is-layout-flow\" style=\"flex-basis:100%\"><div class=\"wp-block-image\">\n<figure class=\"aligncenter size-medium is-resized\"><a href=\"https:\/\/www.xbb.se\/wp-content\/uploads\/2023\/10\/wiring-diagram-1.pdf\" target=\"_blank\" rel=\"noreferrer noopener\"><img loading=\"lazy\" decoding=\"async\" width=\"300\" height=\"213\" src=\"https:\/\/www.xbb.se\/wp-content\/uploads\/2023\/02\/Schematic-300x213.jpg\" alt=\"\" class=\"wp-image-1688\" style=\"width:406px;height:auto\" srcset=\"https:\/\/www.xbb.se\/wp-content\/uploads\/2023\/02\/Schematic-300x213.jpg 300w, https:\/\/www.xbb.se\/wp-content\/uploads\/2023\/02\/Schematic-1024x726.jpg 1024w, https:\/\/www.xbb.se\/wp-content\/uploads\/2023\/02\/Schematic-768x544.jpg 768w, https:\/\/www.xbb.se\/wp-content\/uploads\/2023\/02\/Schematic-1536x1089.jpg 1536w, https:\/\/www.xbb.se\/wp-content\/uploads\/2023\/02\/Schematic-2048x1452.jpg 2048w, https:\/\/www.xbb.se\/wp-content\/uploads\/2023\/02\/Schematic-18x12.jpg 18w\" sizes=\"auto, (max-width: 300px) 100vw, 300px\" \/><\/a><figcaption class=\"wp-element-caption\"><strong>Example of how to connect the XBB PowerUnit\u00ae, with or without an additional power relay.<\/strong><\/figcaption><\/figure>\n<\/div><\/div>\n<\/div>\n<\/div>\n<\/div>\n<\/div>\n<\/div>\n\n\n\n<div class=\"wp-block-columns is-layout-flex wp-container-core-columns-is-layout-9d6595d7 wp-block-columns-is-layout-flex\">\n<div class=\"wp-block-column is-layout-flow wp-block-column-is-layout-flow\"><div class=\"wp-block-image\">\n<figure class=\"aligncenter size-medium is-resized\"><a href=\"https:\/\/www.xbb.se\/wp-content\/uploads\/2025\/10\/Kopplingsschema-2-x-DRL.pdf\" target=\"_blank\" rel=\" noreferrer noopener\"><img loading=\"lazy\" decoding=\"async\" width=\"300\" height=\"212\" src=\"https:\/\/www.xbb.se\/wp-content\/uploads\/2025\/10\/Kopplingsschema-2-x-DRL-300x212.jpg\" alt=\"\" class=\"wp-image-2618\" style=\"width:406px;height:auto\" srcset=\"https:\/\/www.xbb.se\/wp-content\/uploads\/2025\/10\/Kopplingsschema-2-x-DRL-300x212.jpg 300w, https:\/\/www.xbb.se\/wp-content\/uploads\/2025\/10\/Kopplingsschema-2-x-DRL-1024x724.jpg 1024w, https:\/\/www.xbb.se\/wp-content\/uploads\/2025\/10\/Kopplingsschema-2-x-DRL-768x543.jpg 768w, https:\/\/www.xbb.se\/wp-content\/uploads\/2025\/10\/Kopplingsschema-2-x-DRL-1536x1086.jpg 1536w, https:\/\/www.xbb.se\/wp-content\/uploads\/2025\/10\/Kopplingsschema-2-x-DRL-2048x1448.jpg 2048w, https:\/\/www.xbb.se\/wp-content\/uploads\/2025\/10\/Kopplingsschema-2-x-DRL-18x12.jpg 18w\" sizes=\"auto, (max-width: 300px) 100vw, 300px\" \/><\/a><figcaption class=\"wp-element-caption\"><strong>Connect dual position lights.<\/strong><\/figcaption><\/figure>\n<\/div><\/div>\n<\/div>\n\n\n\n<div class=\"wp-block-columns is-layout-flex wp-container-core-columns-is-layout-9d6595d7 wp-block-columns-is-layout-flex\">\n<div class=\"wp-block-column is-layout-flow wp-block-column-is-layout-flow\"><div class=\"wp-block-image\">\n<figure class=\"aligncenter size-large is-resized\"><a href=\"https:\/\/www.xbb.se\/wp-content\/uploads\/2026\/02\/XBB_Tesla_Oversikt-260220.pdf\" target=\"_blank\" rel=\" noreferrer noopener\"><img loading=\"lazy\" decoding=\"async\" width=\"2339\" height=\"1316\" src=\"https:\/\/www.xbb.se\/wp-content\/uploads\/2026\/02\/XBB_Tesla_Oversikt-260220-edited.png\" alt=\"\" class=\"wp-image-2867\" style=\"width:457px;height:auto\" srcset=\"https:\/\/www.xbb.se\/wp-content\/uploads\/2026\/02\/XBB_Tesla_Oversikt-260220-edited.png 2339w, https:\/\/www.xbb.se\/wp-content\/uploads\/2026\/02\/XBB_Tesla_Oversikt-260220-edited-300x169.png 300w, https:\/\/www.xbb.se\/wp-content\/uploads\/2026\/02\/XBB_Tesla_Oversikt-260220-edited-1024x576.png 1024w, https:\/\/www.xbb.se\/wp-content\/uploads\/2026\/02\/XBB_Tesla_Oversikt-260220-edited-768x432.png 768w, https:\/\/www.xbb.se\/wp-content\/uploads\/2026\/02\/XBB_Tesla_Oversikt-260220-edited-1536x864.png 1536w, https:\/\/www.xbb.se\/wp-content\/uploads\/2026\/02\/XBB_Tesla_Oversikt-260220-edited-2048x1152.png 2048w, https:\/\/www.xbb.se\/wp-content\/uploads\/2026\/02\/XBB_Tesla_Oversikt-260220-edited-18x10.png 18w\" sizes=\"auto, (max-width: 2339px) 100vw, 2339px\" \/><\/a><figcaption class=\"wp-element-caption\"><strong>Inkoppling Tesla<\/strong><\/figcaption><\/figure>\n<\/div><\/div>\n<\/div>","protected":false},"excerpt":{"rendered":"<p>Nerladdningsbara PDF filer som visar olika exempel p\u00e5 hur du kopplar din XBB PowerUnit\u00ae till bilen. Du f\u00e5r \u00e4ven tips om hur &amp; var du placerar din enhet f\u00f6r b\u00e4sta m\u00f6jliga funktion. Ska du installera XBB Dongle p\u00e5 en Tesla? Kolla in tabellen l\u00e4ngst ner.<\/p>","protected":false},"author":4,"featured_media":0,"parent":0,"menu_order":0,"comment_status":"closed","ping_status":"closed","template":"","meta":{"_monsterinsights_skip_tracking":false,"_monsterinsights_sitenote_active":false,"_monsterinsights_sitenote_note":"","_monsterinsights_sitenote_category":0,"footnotes":""},"categories":[],"tags":[],"class_list":["post-1236","page","type-page","status-publish","hentry"],"jetpack_sharing_enabled":true,"_links":{"self":[{"href":"https:\/\/www.xbb.se\/en\/wp-json\/wp\/v2\/pages\/1236","targetHints":{"allow":["GET"]}}],"collection":[{"href":"https:\/\/www.xbb.se\/en\/wp-json\/wp\/v2\/pages"}],"about":[{"href":"https:\/\/www.xbb.se\/en\/wp-json\/wp\/v2\/types\/page"}],"author":[{"embeddable":true,"href":"https:\/\/www.xbb.se\/en\/wp-json\/wp\/v2\/users\/4"}],"replies":[{"embeddable":true,"href":"https:\/\/www.xbb.se\/en\/wp-json\/wp\/v2\/comments?post=1236"}],"version-history":[{"count":38,"href":"https:\/\/www.xbb.se\/en\/wp-json\/wp\/v2\/pages\/1236\/revisions"}],"predecessor-version":[{"id":2873,"href":"https:\/\/www.xbb.se\/en\/wp-json\/wp\/v2\/pages\/1236\/revisions\/2873"}],"wp:attachment":[{"href":"https:\/\/www.xbb.se\/en\/wp-json\/wp\/v2\/media?parent=1236"}],"wp:term":[{"taxonomy":"category","embeddable":true,"href":"https:\/\/www.xbb.se\/en\/wp-json\/wp\/v2\/categories?post=1236"},{"taxonomy":"post_tag","embeddable":true,"href":"https:\/\/www.xbb.se\/en\/wp-json\/wp\/v2\/tags?post=1236"}],"curies":[{"name":"wp","href":"https:\/\/api.w.org\/{rel}","templated":true}]}}